{"id":6927,"date":"2025-02-22T00:53:15","date_gmt":"2025-02-22T00:53:15","guid":{"rendered":"https:\/\/menslook.com.mx\/?post_type=product&#038;p=6927"},"modified":"2026-04-14T21:37:36","modified_gmt":"2026-04-14T21:37:36","slug":"boxer-be-happy-pokemon-pikachu","status":"publish","type":"product","link":"https:\/\/menslook.com.mx\/index.php\/producto\/boxer-be-happy-pokemon-pikachu\/","title":{"rendered":"Boxer Be Happy Pokemon Pikachu"},"content":{"rendered":"<p>\u00a1Siente la energ\u00eda de Pikachu con este incre\u00edble b\u00f3xer que combina estilo y comodidad! Inspirado en el ic\u00f3nico personaje de Pok\u00e9mon, este b\u00f3xer presenta a Pikachu. Confeccionado en 90% tela brush y 10% el\u00e1stico, ofrece una suavidad y flexibilidad inigualables, ideal para mantenerte c\u00f3modo durante el d\u00eda.<\/p>\n","protected":false},"excerpt":{"rendered":"<p>\u00a1Siente la energ\u00eda de Pikachu con este incre\u00edble b\u00f3xer que combina estilo y comodidad!<\/p>\n","protected":false},"featured_media":6932,"comment_status":"open","ping_status":"closed","template":"","meta":{"site-sidebar-layout":"default","site-content-layout":"default","ast-site-content-layout":"default","site-content-style":"default","site-sidebar-style":"default","ast-global-header-display":"","ast-banner-title-visibility":"","ast-main-header-display":"","ast-hfb-above-header-display":"","ast-hfb-below-header-display":"","ast-hfb-mobile-header-display":"","site-post-title":"","ast-breadcrumbs-content":"","ast-featured-img":"","footer-sml-layout":"","ast-disable-related-posts":"","theme-transparent-header-meta":"default","adv-header-id-meta":"","stick-header-meta":"","header-above-stick-meta":"","header-main-stick-meta":"","header-below-stick-meta":"","astra-migrate-meta-layouts":"set","ast-page-background-enabled":"default","ast-page-background-meta":{"desktop":{"background-color":"var(--ast-global-color-4)","background-image":"","background-repeat":"repeat","background-position":"center center","background-size":"auto","background-attachment":"scroll","background-type":"","background-media":"","overlay-type":"","overlay-color":"","overlay-opacity":"","overlay-gradient":""},"tablet":{"background-color":"","background-image":"","background-repeat":"repeat","background-position":"center center","background-size":"auto","background-attachment":"scroll","background-type":"","background-media":"","overlay-type":"","overlay-color":"","overlay-opacity":"","overlay-gradient":""},"mobile":{"background-color":"","background-image":"","background-repeat":"repeat","background-position":"center center","background-size":"auto","background-attachment":"scroll","background-type":"","background-media":"","overlay-type":"","overlay-color":"","overlay-opacity":"","overlay-gradient":""}},"ast-content-background-meta":{"desktop":{"background-color":"var(--ast-global-color-5)","background-image":"","background-repeat":"repeat","background-position":"center center","background-size":"auto","background-attachment":"scroll","background-type":"","background-media":"","overlay-type":"","overlay-color":"","overlay-opacity":"","overlay-gradient":""},"tablet":{"background-color":"var(--ast-global-color-5)","background-image":"","background-repeat":"repeat","background-position":"center center","background-size":"auto","background-attachment":"scroll","background-type":"","background-media":"","overlay-type":"","overlay-color":"","overlay-opacity":"","overlay-gradient":""},"mobile":{"background-color":"var(--ast-global-color-5)","background-image":"","background-repeat":"repeat","background-position":"center center","background-size":"auto","background-attachment":"scroll","background-type":"","background-media":"","overlay-type":"","overlay-color":"","overlay-opacity":"","overlay-gradient":""}}},"product_brand":[],"product_cat":[26,132,124,21],"product_tag":[],"class_list":{"0":"post-6927","1":"product","2":"type-product","3":"status-publish","4":"has-post-thumbnail","6":"product_cat-boxers","7":"product_cat-boxer-f","8":"product_cat-catalogo","9":"product_cat-ropa-interior","10":"desktop-align-center","11":"tablet-align-left","12":"mobile-align-left","13":"ast-product-gallery-layout-horizontal-slider","14":"ast-product-single-variable","15":"ast-product-tabs-layout-horizontal","16":"ast-qv-on-image","18":"first","19":"instock","20":"purchasable","21":"product-type-variable","22":"add-to-wishlist-before_image"},"_links":{"self":[{"href":"https:\/\/menslook.com.mx\/index.php\/wp-json\/wp\/v2\/product\/6927","targetHints":{"allow":["GET"]}}],"collection":[{"href":"https:\/\/menslook.com.mx\/index.php\/wp-json\/wp\/v2\/product"}],"about":[{"href":"https:\/\/menslook.com.mx\/index.php\/wp-json\/wp\/v2\/types\/product"}],"replies":[{"embeddable":true,"href":"https:\/\/menslook.com.mx\/index.php\/wp-json\/wp\/v2\/comments?post=6927"}],"wp:featuredmedia":[{"embeddable":true,"href":"https:\/\/menslook.com.mx\/index.php\/wp-json\/wp\/v2\/media\/6932"}],"wp:attachment":[{"href":"https:\/\/menslook.com.mx\/index.php\/wp-json\/wp\/v2\/media?parent=6927"}],"wp:term":[{"taxonomy":"product_brand","embeddable":true,"href":"https:\/\/menslook.com.mx\/index.php\/wp-json\/wp\/v2\/product_brand?post=6927"},{"taxonomy":"product_cat","embeddable":true,"href":"https:\/\/menslook.com.mx\/index.php\/wp-json\/wp\/v2\/product_cat?post=6927"},{"taxonomy":"product_tag","embeddable":true,"href":"https:\/\/menslook.com.mx\/index.php\/wp-json\/wp\/v2\/product_tag?post=6927"}],"curies":[{"name":"wp","href":"https:\/\/api.w.org\/{rel}","templated":true}]}}