{"id":3725,"date":"2024-02-24T22:44:49","date_gmt":"2024-02-24T22:44:49","guid":{"rendered":"https:\/\/menslook.com.mx\/?post_type=product&#038;p=3725"},"modified":"2026-02-16T17:03:06","modified_gmt":"2026-02-16T17:03:06","slug":"banador-sixty-nine-short-tucan","status":"publish","type":"product","link":"https:\/\/menslook.com.mx\/index.php\/producto\/banador-sixty-nine-short-tucan\/","title":{"rendered":"Ba\u00f1ador Sixty Nine Short Tucan"},"content":{"rendered":"<p>Ba\u00f1ador Sixty Nine Short Tucan, Nuestro ba\u00f1ador presenta un vibrante estampado de tucanes, que captura la ex\u00f3tica belleza de la vida silvestre tropical. Confeccionado con un 90% de nylon, nuestro ba\u00f1ador ofrece una sensaci\u00f3n suave y sedosa contra tu piel, mientras que el 10% de elastano proporciona la elasticidad necesaria para un ajuste c\u00f3modo y sin restricciones.<\/p>\n","protected":false},"excerpt":{"rendered":"<p>Ba\u00f1ador Sixty Nine Short Tucan, Nuestro ba\u00f1ador presenta un vibrante estampado de tucanes, que captura la ex\u00f3tica belleza de la vida silvestre tropical.<\/p>\n","protected":false},"featured_media":3693,"comment_status":"open","ping_status":"closed","template":"","meta":{"site-sidebar-layout":"default","site-content-layout":"default","ast-site-content-layout":"default","site-content-style":"default","site-sidebar-style":"default","ast-global-header-display":"","ast-banner-title-visibility":"","ast-main-header-display":"","ast-hfb-above-header-display":"","ast-hfb-below-header-display":"","ast-hfb-mobile-header-display":"","site-post-title":"","ast-breadcrumbs-content":"","ast-featured-img":"","footer-sml-layout":"","ast-disable-related-posts":"","theme-transparent-header-meta":"default","adv-header-id-meta":"","stick-header-meta":"","header-above-stick-meta":"","header-main-stick-meta":"","header-below-stick-meta":"","astra-migrate-meta-layouts":"set","ast-page-background-enabled":"default","ast-page-background-meta":{"desktop":{"background-color":"var(--ast-global-color-4)","background-image":"","background-repeat":"repeat","background-position":"center center","background-size":"auto","background-attachment":"scroll","background-type":"","background-media":"","overlay-type":"","overlay-color":"","overlay-opacity":"","overlay-gradient":""},"tablet":{"background-color":"","background-image":"","background-repeat":"repeat","background-position":"center center","background-size":"auto","background-attachment":"scroll","background-type":"","background-media":"","overlay-type":"","overlay-color":"","overlay-opacity":"","overlay-gradient":""},"mobile":{"background-color":"","background-image":"","background-repeat":"repeat","background-position":"center center","background-size":"auto","background-attachment":"scroll","background-type":"","background-media":"","overlay-type":"","overlay-color":"","overlay-opacity":"","overlay-gradient":""}},"ast-content-background-meta":{"desktop":{"background-color":"var(--ast-global-color-5)","background-image":"","background-repeat":"repeat","background-position":"center center","background-size":"auto","background-attachment":"scroll","background-type":"","background-media":"","overlay-type":"","overlay-color":"","overlay-opacity":"","overlay-gradient":""},"tablet":{"background-color":"var(--ast-global-color-5)","background-image":"","background-repeat":"repeat","background-position":"center center","background-size":"auto","background-attachment":"scroll","background-type":"","background-media":"","overlay-type":"","overlay-color":"","overlay-opacity":"","overlay-gradient":""},"mobile":{"background-color":"var(--ast-global-color-5)","background-image":"","background-repeat":"repeat","background-position":"center center","background-size":"auto","background-attachment":"scroll","background-type":"","background-media":"","overlay-type":"","overlay-color":"","overlay-opacity":"","overlay-gradient":""}}},"product_brand":[],"product_cat":[22,124,120,33],"product_tag":[],"class_list":{"0":"post-3725","1":"product","2":"type-product","3":"status-publish","4":"has-post-thumbnail","6":"product_cat-traje-de-bano","7":"product_cat-catalogo","8":"product_cat-promo","9":"product_cat-traje-de-bano-short","10":"desktop-align-center","11":"tablet-align-left","12":"mobile-align-left","13":"ast-product-gallery-layout-horizontal-slider","14":"ast-product-single-variable","15":"ast-product-tabs-layout-horizontal","16":"ast-qv-on-image","18":"first","19":"instock","20":"sale","21":"purchasable","22":"product-type-variable","23":"add-to-wishlist-before_image"},"_links":{"self":[{"href":"https:\/\/menslook.com.mx\/index.php\/wp-json\/wp\/v2\/product\/3725","targetHints":{"allow":["GET"]}}],"collection":[{"href":"https:\/\/menslook.com.mx\/index.php\/wp-json\/wp\/v2\/product"}],"about":[{"href":"https:\/\/menslook.com.mx\/index.php\/wp-json\/wp\/v2\/types\/product"}],"replies":[{"embeddable":true,"href":"https:\/\/menslook.com.mx\/index.php\/wp-json\/wp\/v2\/comments?post=3725"}],"wp:featuredmedia":[{"embeddable":true,"href":"https:\/\/menslook.com.mx\/index.php\/wp-json\/wp\/v2\/media\/3693"}],"wp:attachment":[{"href":"https:\/\/menslook.com.mx\/index.php\/wp-json\/wp\/v2\/media?parent=3725"}],"wp:term":[{"taxonomy":"product_brand","embeddable":true,"href":"https:\/\/menslook.com.mx\/index.php\/wp-json\/wp\/v2\/product_brand?post=3725"},{"taxonomy":"product_cat","embeddable":true,"href":"https:\/\/menslook.com.mx\/index.php\/wp-json\/wp\/v2\/product_cat?post=3725"},{"taxonomy":"product_tag","embeddable":true,"href":"https:\/\/menslook.com.mx\/index.php\/wp-json\/wp\/v2\/product_tag?post=3725"}],"curies":[{"name":"wp","href":"https:\/\/api.w.org\/{rel}","templated":true}]}}