{"id":11814,"date":"2026-05-09T20:28:08","date_gmt":"2026-05-09T20:28:08","guid":{"rendered":"https:\/\/menslook.com.mx\/?post_type=product&#038;p=11814"},"modified":"2026-05-11T04:20:33","modified_gmt":"2026-05-11T04:20:33","slug":"brief-mens-look-apple-teacher","status":"publish","type":"product","link":"https:\/\/menslook.com.mx\/index.php\/producto\/brief-mens-look-apple-teacher\/","title":{"rendered":"Brief Mens Look Apple Teacher"},"content":{"rendered":"<p>Celebra el <strong>D\u00eda del Maestro<\/strong> con estilo y comodidad gracias a este <strong>brief premium para hombre<\/strong>. Inspirado en los s\u00edmbolos cl\u00e1sicos de la ense\u00f1anza \u2014manzanitas, l\u00e1pices y n\u00fameros 1-2-3\u2014, este dise\u00f1o exclusivo rinde homenaje a quienes inspiran y educan, sin perder el toque sensual y moderno que caracteriza la marca. Una pieza pensada para hombres seguros, que disfrutan de la comodidad y valoran la originalidad en cada detalle.<\/p>\n<p><strong>Beneficios principales:<\/strong><\/p>\n<ul>\n<li>\ud83c\udf4e <strong>Dise\u00f1o tem\u00e1tico \u00fanico<\/strong>: manzanitas, l\u00e1pices y n\u00fameros que evocan el esp\u00edritu del maestro.<\/li>\n<li>\u2728 <strong>Edici\u00f3n limitada<\/strong>: pieza exclusiva creada solo para esta celebraci\u00f3n.<\/li>\n<li>\ud83d\udcaa <strong>Comodidad premium<\/strong>: tejido suave y ajuste firme que brindan seguridad en cada movimiento.<\/li>\n<li>\ud83d\udd25 <strong>Estilo con prop\u00f3sito<\/strong>: sensualidad masculina con un gui\u00f1o intelectual y divertido.<\/li>\n<\/ul>\n<p>Este brief no es solo ropa interior, es un tributo con car\u00e1cter y distinci\u00f3n. Haz tuyo un dise\u00f1o que combina lujo, comodidad y un homenaje especial al D\u00eda del Maestro.<\/p>\n","protected":false},"excerpt":{"rendered":"<p>Celebra el <strong>D\u00eda del Maestro<\/strong> con estilo y comodidad gracias a este <strong>brief premium para hombre<\/strong>. Inspirado en los s\u00edmbolos cl\u00e1sicos de la ense\u00f1anza \u2014manzanitas, l\u00e1pices y n\u00fameros 1-2-3\u2014, este dise\u00f1o exclusivo rinde homenaje a quienes inspiran y educan, sin perder el toque sensual y moderno que caracteriza la marca. Una pieza pensada para hombres seguros, que disfrutan de la comodidad y valoran la originalidad en cada detalle.<\/p>\n","protected":false},"featured_media":11832,"comment_status":"open","ping_status":"closed","template":"","meta":{"site-sidebar-layout":"default","site-content-layout":"default","ast-site-content-layout":"default","site-content-style":"default","site-sidebar-style":"default","ast-global-header-display":"","ast-banner-title-visibility":"","ast-main-header-display":"","ast-hfb-above-header-display":"","ast-hfb-below-header-display":"","ast-hfb-mobile-header-display":"","site-post-title":"","ast-breadcrumbs-content":"","ast-featured-img":"","footer-sml-layout":"","ast-disable-related-posts":"","theme-transparent-header-meta":"default","adv-header-id-meta":"","stick-header-meta":"","header-above-stick-meta":"","header-main-stick-meta":"","header-below-stick-meta":"","astra-migrate-meta-layouts":"set","ast-page-background-enabled":"default","ast-page-background-meta":{"desktop":{"background-color":"var(--ast-global-color-4)","background-image":"","background-repeat":"repeat","background-position":"center center","background-size":"auto","background-attachment":"scroll","background-type":"","background-media":"","overlay-type":"","overlay-color":"","overlay-opacity":"","overlay-gradient":""},"tablet":{"background-color":"","background-image":"","background-repeat":"repeat","background-position":"center center","background-size":"auto","background-attachment":"scroll","background-type":"","background-media":"","overlay-type":"","overlay-color":"","overlay-opacity":"","overlay-gradient":""},"mobile":{"background-color":"","background-image":"","background-repeat":"repeat","background-position":"center center","background-size":"auto","background-attachment":"scroll","background-type":"","background-media":"","overlay-type":"","overlay-color":"","overlay-opacity":"","overlay-gradient":""}},"ast-content-background-meta":{"desktop":{"background-color":"var(--ast-global-color-5)","background-image":"","background-repeat":"repeat","background-position":"center center","background-size":"auto","background-attachment":"scroll","background-type":"","background-media":"","overlay-type":"","overlay-color":"","overlay-opacity":"","overlay-gradient":""},"tablet":{"background-color":"var(--ast-global-color-5)","background-image":"","background-repeat":"repeat","background-position":"center center","background-size":"auto","background-attachment":"scroll","background-type":"","background-media":"","overlay-type":"","overlay-color":"","overlay-opacity":"","overlay-gradient":""},"mobile":{"background-color":"var(--ast-global-color-5)","background-image":"","background-repeat":"repeat","background-position":"center center","background-size":"auto","background-attachment":"scroll","background-type":"","background-media":"","overlay-type":"","overlay-color":"","overlay-opacity":"","overlay-gradient":""}}},"product_brand":[],"product_cat":[24,124,38,21],"product_tag":[],"class_list":{"0":"post-11814","1":"product","2":"type-product","3":"status-publish","4":"has-post-thumbnail","6":"product_cat-brief-trusa","7":"product_cat-catalogo","8":"product_cat-nuevos","9":"product_cat-ropa-interior","10":"desktop-align-center","11":"tablet-align-left","12":"mobile-align-left","13":"ast-product-gallery-layout-horizontal-slider","14":"ast-product-single-variable","15":"ast-product-tabs-layout-horizontal","16":"ast-qv-on-image","18":"first","19":"instock","20":"taxable","21":"shipping-taxable","22":"purchasable","23":"product-type-variable","24":"add-to-wishlist-before_image"},"_links":{"self":[{"href":"https:\/\/menslook.com.mx\/index.php\/wp-json\/wp\/v2\/product\/11814","targetHints":{"allow":["GET"]}}],"collection":[{"href":"https:\/\/menslook.com.mx\/index.php\/wp-json\/wp\/v2\/product"}],"about":[{"href":"https:\/\/menslook.com.mx\/index.php\/wp-json\/wp\/v2\/types\/product"}],"replies":[{"embeddable":true,"href":"https:\/\/menslook.com.mx\/index.php\/wp-json\/wp\/v2\/comments?post=11814"}],"wp:featuredmedia":[{"embeddable":true,"href":"https:\/\/menslook.com.mx\/index.php\/wp-json\/wp\/v2\/media\/11832"}],"wp:attachment":[{"href":"https:\/\/menslook.com.mx\/index.php\/wp-json\/wp\/v2\/media?parent=11814"}],"wp:term":[{"taxonomy":"product_brand","embeddable":true,"href":"https:\/\/menslook.com.mx\/index.php\/wp-json\/wp\/v2\/product_brand?post=11814"},{"taxonomy":"product_cat","embeddable":true,"href":"https:\/\/menslook.com.mx\/index.php\/wp-json\/wp\/v2\/product_cat?post=11814"},{"taxonomy":"product_tag","embeddable":true,"href":"https:\/\/menslook.com.mx\/index.php\/wp-json\/wp\/v2\/product_tag?post=11814"}],"curies":[{"name":"wp","href":"https:\/\/api.w.org\/{rel}","templated":true}]}}