{"id":11693,"date":"2026-04-11T19:38:53","date_gmt":"2026-04-11T19:38:53","guid":{"rendered":"https:\/\/menslook.com.mx\/?post_type=product&#038;p=11693"},"modified":"2026-04-14T17:52:20","modified_gmt":"2026-04-14T17:52:20","slug":"brief-mens-look-grecas-azul-rey","status":"publish","type":"product","link":"https:\/\/menslook.com.mx\/index.php\/producto\/brief-mens-look-grecas-azul-rey\/","title":{"rendered":"Brief Mens Look Grecas Azul Rey"},"content":{"rendered":"<p>El poder de la elegancia masculina se refleja en este <strong>brief premium<\/strong> dise\u00f1ado para hombres que saben combinar sensualidad y estilo. El azul rey transmite confianza y sofisticaci\u00f3n, mientras el el\u00e1stico con grecas doradas celebra la exclusividad de una edici\u00f3n limitada de aniversario. Una prenda que no solo se siente bien, sino que te hace sentir seguro, atractivo y \u00fanico.<\/p>\n<p><strong>Beneficios principales:<\/strong><\/p>\n<ul>\n<li>\ud83d\udd35 <strong>Comodidad total<\/strong>: tejido suave que se adapta a tu cuerpo con libertad.<\/li>\n<li>\u2728 <strong>Dise\u00f1o exclusivo<\/strong>: grecas doradas en el\u00e1stico que elevan tu look interior.<\/li>\n<li>\ud83d\udcaa <strong>Confianza masculina<\/strong>: ajuste firme que acompa\u00f1a cada movimiento.<\/li>\n<li>\ud83d\udd25 <strong>Sensualidad elegante<\/strong>: azul rey que proyecta seguridad y estilo premium.<\/li>\n<\/ul>\n<p>Este brief es m\u00e1s que ropa interior: es un s\u00edmbolo de car\u00e1cter y distinci\u00f3n. Haz tuyo un dise\u00f1o \u00fanico que combina lujo, comodidad y sensualidad.<\/p>\n<p>\ud83d\udc49 <strong>Edici\u00f3n limitada Aniversario: no dejes pasar la oportunidad.<\/strong><\/p>\n","protected":false},"excerpt":{"rendered":"<p>El poder de la elegancia masculina se refleja en este <strong>brief premium<\/strong> dise\u00f1ado para hombres que saben combinar sensualidad y estilo. El azul rey transmite confianza y sofisticaci\u00f3n, mientras el el\u00e1stico con grecas doradas celebra la exclusividad de una edici\u00f3n limitada de aniversario. Una prenda que no solo se siente bien, sino que te hace sentir seguro, atractivo y \u00fanico.<\/p>\n","protected":false},"featured_media":11668,"comment_status":"open","ping_status":"closed","template":"","meta":{"site-sidebar-layout":"default","site-content-layout":"default","ast-site-content-layout":"default","site-content-style":"default","site-sidebar-style":"default","ast-global-header-display":"","ast-banner-title-visibility":"","ast-main-header-display":"","ast-hfb-above-header-display":"","ast-hfb-below-header-display":"","ast-hfb-mobile-header-display":"","site-post-title":"","ast-breadcrumbs-content":"","ast-featured-img":"","footer-sml-layout":"","ast-disable-related-posts":"","theme-transparent-header-meta":"default","adv-header-id-meta":"","stick-header-meta":"","header-above-stick-meta":"","header-main-stick-meta":"","header-below-stick-meta":"","astra-migrate-meta-layouts":"set","ast-page-background-enabled":"default","ast-page-background-meta":{"desktop":{"background-color":"var(--ast-global-color-4)","background-image":"","background-repeat":"repeat","background-position":"center center","background-size":"auto","background-attachment":"scroll","background-type":"","background-media":"","overlay-type":"","overlay-color":"","overlay-opacity":"","overlay-gradient":""},"tablet":{"background-color":"","background-image":"","background-repeat":"repeat","background-position":"center center","background-size":"auto","background-attachment":"scroll","background-type":"","background-media":"","overlay-type":"","overlay-color":"","overlay-opacity":"","overlay-gradient":""},"mobile":{"background-color":"","background-image":"","background-repeat":"repeat","background-position":"center center","background-size":"auto","background-attachment":"scroll","background-type":"","background-media":"","overlay-type":"","overlay-color":"","overlay-opacity":"","overlay-gradient":""}},"ast-content-background-meta":{"desktop":{"background-color":"var(--ast-global-color-5)","background-image":"","background-repeat":"repeat","background-position":"center center","background-size":"auto","background-attachment":"scroll","background-type":"","background-media":"","overlay-type":"","overlay-color":"","overlay-opacity":"","overlay-gradient":""},"tablet":{"background-color":"var(--ast-global-color-5)","background-image":"","background-repeat":"repeat","background-position":"center center","background-size":"auto","background-attachment":"scroll","background-type":"","background-media":"","overlay-type":"","overlay-color":"","overlay-opacity":"","overlay-gradient":""},"mobile":{"background-color":"var(--ast-global-color-5)","background-image":"","background-repeat":"repeat","background-position":"center center","background-size":"auto","background-attachment":"scroll","background-type":"","background-media":"","overlay-type":"","overlay-color":"","overlay-opacity":"","overlay-gradient":""}}},"product_brand":[],"product_cat":[24,124,38,21],"product_tag":[],"class_list":{"0":"post-11693","1":"product","2":"type-product","3":"status-publish","4":"has-post-thumbnail","6":"product_cat-brief-trusa","7":"product_cat-catalogo","8":"product_cat-nuevos","9":"product_cat-ropa-interior","10":"desktop-align-center","11":"tablet-align-left","12":"mobile-align-left","13":"ast-product-gallery-layout-horizontal-slider","14":"ast-product-single-variable","15":"ast-product-tabs-layout-horizontal","16":"ast-qv-on-image","18":"first","19":"instock","20":"taxable","21":"shipping-taxable","22":"purchasable","23":"product-type-variable","24":"add-to-wishlist-before_image"},"_links":{"self":[{"href":"https:\/\/menslook.com.mx\/index.php\/wp-json\/wp\/v2\/product\/11693","targetHints":{"allow":["GET"]}}],"collection":[{"href":"https:\/\/menslook.com.mx\/index.php\/wp-json\/wp\/v2\/product"}],"about":[{"href":"https:\/\/menslook.com.mx\/index.php\/wp-json\/wp\/v2\/types\/product"}],"replies":[{"embeddable":true,"href":"https:\/\/menslook.com.mx\/index.php\/wp-json\/wp\/v2\/comments?post=11693"}],"wp:featuredmedia":[{"embeddable":true,"href":"https:\/\/menslook.com.mx\/index.php\/wp-json\/wp\/v2\/media\/11668"}],"wp:attachment":[{"href":"https:\/\/menslook.com.mx\/index.php\/wp-json\/wp\/v2\/media?parent=11693"}],"wp:term":[{"taxonomy":"product_brand","embeddable":true,"href":"https:\/\/menslook.com.mx\/index.php\/wp-json\/wp\/v2\/product_brand?post=11693"},{"taxonomy":"product_cat","embeddable":true,"href":"https:\/\/menslook.com.mx\/index.php\/wp-json\/wp\/v2\/product_cat?post=11693"},{"taxonomy":"product_tag","embeddable":true,"href":"https:\/\/menslook.com.mx\/index.php\/wp-json\/wp\/v2\/product_tag?post=11693"}],"curies":[{"name":"wp","href":"https:\/\/api.w.org\/{rel}","templated":true}]}}