{"id":11584,"date":"2026-04-03T00:05:35","date_gmt":"2026-04-03T00:05:35","guid":{"rendered":"https:\/\/menslook.com.mx\/?post_type=product&#038;p=11584"},"modified":"2026-04-03T00:07:50","modified_gmt":"2026-04-03T00:07:50","slug":"suspensorio-funtasy-love-pride","status":"publish","type":"product","link":"https:\/\/menslook.com.mx\/index.php\/producto\/suspensorio-funtasy-love-pride\/","title":{"rendered":"Suspensorio Funtasy Love Pride"},"content":{"rendered":"<p data-path-to-node=\"0\">Vibrante, inclusivo y lleno de amor. Este suspensorio de la colecci\u00f3n <b data-path-to-node=\"0\" data-index-in-node=\"64\">Love Pride<\/b> celebra la diversidad con un dise\u00f1o explosivo que combina corazones y tipograf\u00edas modernas bajo los colores de la bandera arco\u00edris \ud83c\udff3\ufe0f\u200d\ud83c\udf08\u2728.<\/p>\n<p data-path-to-node=\"1\">Confeccionado en tela suave, el\u00e1stica y transpirable, ofrece un soporte excepcional y un ajuste que se siente como una segunda piel para acompa\u00f1arte en tu ritmo diario \ud83c\udf2c\ufe0f\ud83e\ude72. La combinaci\u00f3n perfecta entre un dise\u00f1o con significado y la m\u00e1xima funcionalidad \ud83d\ude0e heart.<\/p>\n<p data-path-to-node=\"2\">\ud83d\udd39 <b data-path-to-node=\"2\" data-index-in-node=\"3\">Caracter\u00edsticas:<\/b> \u2714\ufe0f Estampado <b data-path-to-node=\"2\" data-index-in-node=\"33\">Love Pride<\/b> de alta definici\u00f3n \ud83c\udf08 \u2714\ufe0f Ajuste ergon\u00f3mico y excelente elasticidad \u2714\ufe0f Tela fresca que permite la transpiraci\u00f3n \u2714\ufe0f Ideal para uso diario y celebraciones \u2714\ufe0f Dise\u00f1o que celebra la libertad y el amor propio<\/p>\n<p data-path-to-node=\"3\"><b data-path-to-node=\"3\" data-index-in-node=\"0\">\u00a1Lleva el orgullo contigo y celebra el amor en todas sus formas!<\/b>. \ud83e\ude72\u2728\ud83c\udff3\ufe0f\u200d\ud83c\udf08<\/p>\n","protected":false},"excerpt":{"rendered":"<p data-path-to-node=\"0\">\u00a1Magia y misterio en cada detalle! Este suspensorio de Harry Potter destaca por un dise\u00f1o sofisticado que re\u00fane las legendarias Reliquias \ud83e\ude84\u2728. Con un estilo m\u00edstico sobre un fondo profundo, es la pieza perfecta para quienes llevan el mundo m\u00e1gico en su ADN.<\/p>\n","protected":false},"featured_media":11571,"comment_status":"open","ping_status":"closed","template":"","meta":{"site-sidebar-layout":"default","site-content-layout":"default","ast-site-content-layout":"default","site-content-style":"default","site-sidebar-style":"default","ast-global-header-display":"","ast-banner-title-visibility":"","ast-main-header-display":"","ast-hfb-above-header-display":"","ast-hfb-below-header-display":"","ast-hfb-mobile-header-display":"","site-post-title":"","ast-breadcrumbs-content":"","ast-featured-img":"","footer-sml-layout":"","ast-disable-related-posts":"","theme-transparent-header-meta":"default","adv-header-id-meta":"","stick-header-meta":"","header-above-stick-meta":"","header-main-stick-meta":"","header-below-stick-meta":"","astra-migrate-meta-layouts":"set","ast-page-background-enabled":"default","ast-page-background-meta":{"desktop":{"background-color":"var(--ast-global-color-4)","background-image":"","background-repeat":"repeat","background-position":"center center","background-size":"auto","background-attachment":"scroll","background-type":"","background-media":"","overlay-type":"","overlay-color":"","overlay-opacity":"","overlay-gradient":""},"tablet":{"background-color":"","background-image":"","background-repeat":"repeat","background-position":"center center","background-size":"auto","background-attachment":"scroll","background-type":"","background-media":"","overlay-type":"","overlay-color":"","overlay-opacity":"","overlay-gradient":""},"mobile":{"background-color":"","background-image":"","background-repeat":"repeat","background-position":"center center","background-size":"auto","background-attachment":"scroll","background-type":"","background-media":"","overlay-type":"","overlay-color":"","overlay-opacity":"","overlay-gradient":""}},"ast-content-background-meta":{"desktop":{"background-color":"var(--ast-global-color-5)","background-image":"","background-repeat":"repeat","background-position":"center center","background-size":"auto","background-attachment":"scroll","background-type":"","background-media":"","overlay-type":"","overlay-color":"","overlay-opacity":"","overlay-gradient":""},"tablet":{"background-color":"var(--ast-global-color-5)","background-image":"","background-repeat":"repeat","background-position":"center center","background-size":"auto","background-attachment":"scroll","background-type":"","background-media":"","overlay-type":"","overlay-color":"","overlay-opacity":"","overlay-gradient":""},"mobile":{"background-color":"var(--ast-global-color-5)","background-image":"","background-repeat":"repeat","background-position":"center center","background-size":"auto","background-attachment":"scroll","background-type":"","background-media":"","overlay-type":"","overlay-color":"","overlay-opacity":"","overlay-gradient":""}}},"product_brand":[],"product_cat":[124,38,21,29,135],"product_tag":[],"class_list":{"0":"post-11584","1":"product","2":"type-product","3":"status-publish","4":"has-post-thumbnail","6":"product_cat-catalogo","7":"product_cat-nuevos","8":"product_cat-ropa-interior","9":"product_cat-suspensorio-jock-brief","10":"product_cat-suspensorio-f","11":"desktop-align-center","12":"tablet-align-left","13":"mobile-align-left","14":"ast-product-gallery-layout-horizontal-slider","15":"ast-product-single-variable","16":"ast-product-tabs-layout-horizontal","17":"ast-qv-on-image","19":"first","20":"instock","21":"purchasable","22":"product-type-variable","23":"add-to-wishlist-before_image"},"_links":{"self":[{"href":"https:\/\/menslook.com.mx\/index.php\/wp-json\/wp\/v2\/product\/11584","targetHints":{"allow":["GET"]}}],"collection":[{"href":"https:\/\/menslook.com.mx\/index.php\/wp-json\/wp\/v2\/product"}],"about":[{"href":"https:\/\/menslook.com.mx\/index.php\/wp-json\/wp\/v2\/types\/product"}],"replies":[{"embeddable":true,"href":"https:\/\/menslook.com.mx\/index.php\/wp-json\/wp\/v2\/comments?post=11584"}],"wp:featuredmedia":[{"embeddable":true,"href":"https:\/\/menslook.com.mx\/index.php\/wp-json\/wp\/v2\/media\/11571"}],"wp:attachment":[{"href":"https:\/\/menslook.com.mx\/index.php\/wp-json\/wp\/v2\/media?parent=11584"}],"wp:term":[{"taxonomy":"product_brand","embeddable":true,"href":"https:\/\/menslook.com.mx\/index.php\/wp-json\/wp\/v2\/product_brand?post=11584"},{"taxonomy":"product_cat","embeddable":true,"href":"https:\/\/menslook.com.mx\/index.php\/wp-json\/wp\/v2\/product_cat?post=11584"},{"taxonomy":"product_tag","embeddable":true,"href":"https:\/\/menslook.com.mx\/index.php\/wp-json\/wp\/v2\/product_tag?post=11584"}],"curies":[{"name":"wp","href":"https:\/\/api.w.org\/{rel}","templated":true}]}}