{"id":11546,"date":"2026-04-02T23:34:28","date_gmt":"2026-04-02T23:34:28","guid":{"rendered":"https:\/\/menslook.com.mx\/?post_type=product&#038;p=11546"},"modified":"2026-04-02T23:37:27","modified_gmt":"2026-04-02T23:37:27","slug":"brief-funtasy-harry-potter-reliquias","status":"publish","type":"product","link":"https:\/\/menslook.com.mx\/index.php\/producto\/brief-funtasy-harry-potter-reliquias\/","title":{"rendered":"Brief Funtasy Harry Potter Reliquias"},"content":{"rendered":"<p data-path-to-node=\"0\">\u00a1Magia y misterio en cada detalle! Este brief de Harry Potter destaca por un dise\u00f1o sofisticado que re\u00fane las legendarias Reliquias \ud83e\ude84\u2728. Con un estilo m\u00edstico sobre un fondo profundo, es la pieza perfecta para quienes llevan el mundo m\u00e1gico en su ADN.<\/p>\n<p data-path-to-node=\"1\">Confeccionado en tela suave, el\u00e1stica y transpirable, ofrece un ajuste ergon\u00f3mico que garantiza libertad de movimiento y frescura durante todo el d\u00eda \ud83c\udf2c\ufe0f\ud83e\ude72. Ideal para magos y brujas que buscan llevar un s\u00edmbolo de poder y leyenda con total comodidad \ud83d\ude0e\u26a1.<\/p>\n<p data-path-to-node=\"2\">\ud83d\udd39 <b data-path-to-node=\"2\" data-index-in-node=\"3\">Caracter\u00edsticas:<\/b> \u2714\ufe0f Dise\u00f1o m\u00edstico con las Reliquias \u2714\ufe0f Ajuste ergon\u00f3mico y excelente elasticidad \u2714\ufe0f Estampado n\u00edtido y duradero con elementos ic\u00f3nicos de la saga \ud83e\udd89\u2728 \u2714\ufe0f Ideal para uso diario \u2714\ufe0f Perfecto para coleccionistas y fans de Harry Potter<\/p>\n<p data-path-to-node=\"3\">\u00a1Un b\u00e1sico legendario para tu colecci\u00f3n! \ud83e\ude72\u2728\ud83d\udc53<\/p>\n","protected":false},"excerpt":{"rendered":"<p data-path-to-node=\"0\">\u00a1Magia y misterio en cada detalle! Este brief de Harry Potter destaca por un dise\u00f1o sofisticado que re\u00fane las legendarias Reliquias \ud83e\ude84\u2728. Con un estilo m\u00edstico sobre un fondo profundo, es la pieza perfecta para quienes llevan el mundo m\u00e1gico en su ADN.<\/p>\n","protected":false},"featured_media":11536,"comment_status":"open","ping_status":"closed","template":"","meta":{"site-sidebar-layout":"default","site-content-layout":"default","ast-site-content-layout":"default","site-content-style":"default","site-sidebar-style":"default","ast-global-header-display":"","ast-banner-title-visibility":"","ast-main-header-display":"","ast-hfb-above-header-display":"","ast-hfb-below-header-display":"","ast-hfb-mobile-header-display":"","site-post-title":"","ast-breadcrumbs-content":"","ast-featured-img":"","footer-sml-layout":"","ast-disable-related-posts":"","theme-transparent-header-meta":"default","adv-header-id-meta":"","stick-header-meta":"","header-above-stick-meta":"","header-main-stick-meta":"","header-below-stick-meta":"","astra-migrate-meta-layouts":"set","ast-page-background-enabled":"default","ast-page-background-meta":{"desktop":{"background-color":"var(--ast-global-color-4)","background-image":"","background-repeat":"repeat","background-position":"center center","background-size":"auto","background-attachment":"scroll","background-type":"","background-media":"","overlay-type":"","overlay-color":"","overlay-opacity":"","overlay-gradient":""},"tablet":{"background-color":"","background-image":"","background-repeat":"repeat","background-position":"center center","background-size":"auto","background-attachment":"scroll","background-type":"","background-media":"","overlay-type":"","overlay-color":"","overlay-opacity":"","overlay-gradient":""},"mobile":{"background-color":"","background-image":"","background-repeat":"repeat","background-position":"center center","background-size":"auto","background-attachment":"scroll","background-type":"","background-media":"","overlay-type":"","overlay-color":"","overlay-opacity":"","overlay-gradient":""}},"ast-content-background-meta":{"desktop":{"background-color":"var(--ast-global-color-5)","background-image":"","background-repeat":"repeat","background-position":"center center","background-size":"auto","background-attachment":"scroll","background-type":"","background-media":"","overlay-type":"","overlay-color":"","overlay-opacity":"","overlay-gradient":""},"tablet":{"background-color":"var(--ast-global-color-5)","background-image":"","background-repeat":"repeat","background-position":"center center","background-size":"auto","background-attachment":"scroll","background-type":"","background-media":"","overlay-type":"","overlay-color":"","overlay-opacity":"","overlay-gradient":""},"mobile":{"background-color":"var(--ast-global-color-5)","background-image":"","background-repeat":"repeat","background-position":"center center","background-size":"auto","background-attachment":"scroll","background-type":"","background-media":"","overlay-type":"","overlay-color":"","overlay-opacity":"","overlay-gradient":""}}},"product_brand":[],"product_cat":[24,134,124,38,21],"product_tag":[],"class_list":{"0":"post-11546","1":"product","2":"type-product","3":"status-publish","4":"has-post-thumbnail","6":"product_cat-brief-trusa","7":"product_cat-brief-trusa-f","8":"product_cat-catalogo","9":"product_cat-nuevos","10":"product_cat-ropa-interior","11":"desktop-align-center","12":"tablet-align-left","13":"mobile-align-left","14":"ast-product-gallery-layout-horizontal-slider","15":"ast-product-single-variable","16":"ast-product-tabs-layout-horizontal","17":"ast-qv-on-image","19":"first","20":"instock","21":"purchasable","22":"product-type-variable","23":"add-to-wishlist-before_image"},"_links":{"self":[{"href":"https:\/\/menslook.com.mx\/index.php\/wp-json\/wp\/v2\/product\/11546","targetHints":{"allow":["GET"]}}],"collection":[{"href":"https:\/\/menslook.com.mx\/index.php\/wp-json\/wp\/v2\/product"}],"about":[{"href":"https:\/\/menslook.com.mx\/index.php\/wp-json\/wp\/v2\/types\/product"}],"replies":[{"embeddable":true,"href":"https:\/\/menslook.com.mx\/index.php\/wp-json\/wp\/v2\/comments?post=11546"}],"wp:featuredmedia":[{"embeddable":true,"href":"https:\/\/menslook.com.mx\/index.php\/wp-json\/wp\/v2\/media\/11536"}],"wp:attachment":[{"href":"https:\/\/menslook.com.mx\/index.php\/wp-json\/wp\/v2\/media?parent=11546"}],"wp:term":[{"taxonomy":"product_brand","embeddable":true,"href":"https:\/\/menslook.com.mx\/index.php\/wp-json\/wp\/v2\/product_brand?post=11546"},{"taxonomy":"product_cat","embeddable":true,"href":"https:\/\/menslook.com.mx\/index.php\/wp-json\/wp\/v2\/product_cat?post=11546"},{"taxonomy":"product_tag","embeddable":true,"href":"https:\/\/menslook.com.mx\/index.php\/wp-json\/wp\/v2\/product_tag?post=11546"}],"curies":[{"name":"wp","href":"https:\/\/api.w.org\/{rel}","templated":true}]}}