{"id":10832,"date":"2025-12-15T15:53:49","date_gmt":"2025-12-15T15:53:49","guid":{"rendered":"https:\/\/menslook.com.mx\/?post_type=product&#038;p=10832"},"modified":"2026-05-01T17:18:15","modified_gmt":"2026-05-01T17:18:15","slug":"tanga-lenceria-broche-amarilla-unitalla","status":"publish","type":"product","link":"https:\/\/menslook.com.mx\/index.php\/producto\/tanga-lenceria-broche-amarilla-unitalla\/","title":{"rendered":"Tanga Lenceria Broche Amarilla (Unitalla)"},"content":{"rendered":"<p data-start=\"273\" data-end=\"567\">La <strong data-start=\"276\" data-end=\"332\">tanga de lencer\u00eda masculina con doble broche lateral<\/strong> est\u00e1 dise\u00f1ada para hombres que buscan una prenda sensual, pr\u00e1ctica y con un dise\u00f1o distintivo. Incorpora <strong data-start=\"438\" data-end=\"478\">dos broches ubicados a los laterales<\/strong>, que aportan un detalle visual atractivo y mayor funcionalidad sin sacrificar comodidad.<\/p>\n<p data-start=\"569\" data-end=\"858\">Confeccionada en material <strong data-start=\"595\" data-end=\"615\">suave y el\u00e1stico<\/strong>, su <strong data-start=\"620\" data-end=\"638\">talla unitalla<\/strong> se adapta c\u00f3modamente a distintos tipos de cuerpo \ud83d\udccf, ofreciendo un ajuste flexible y confortable. El <strong data-start=\"741\" data-end=\"759\">color amarillo<\/strong> brinda un estilo moderno, llamativo y fresco, ideal para quienes desean destacar con seguridad \ud83d\udc9b.<\/p>\n<p data-start=\"860\" data-end=\"917\">\u2728 Una prenda que combina dise\u00f1o, comodidad y sensualidad.<\/p>\n<h4 data-start=\"919\" data-end=\"940\">Caracter\u00edsticas:<\/h4>\n<ul data-start=\"941\" data-end=\"1223\">\n<li data-start=\"941\" data-end=\"975\">\n<p data-start=\"943\" data-end=\"975\">\ud83e\ude72 Tanga de lencer\u00eda masculina<\/p>\n<\/li>\n<li data-start=\"976\" data-end=\"1022\">\n<p data-start=\"978\" data-end=\"1022\">\ud83d\udd18\ud83d\udd18 <strong data-start=\"983\" data-end=\"1020\">Dos broches laterales funcionales<\/strong><\/p>\n<\/li>\n<li data-start=\"1023\" data-end=\"1045\">\n<p data-start=\"1025\" data-end=\"1045\">\ud83d\udc9b Color: Amarillo<\/p>\n<\/li>\n<li data-start=\"1046\" data-end=\"1116\">\n<p data-start=\"1048\" data-end=\"1116\">\ud83d\udccf <strong data-start=\"1051\" data-end=\"1070\">Talla: Unitalla<\/strong> (ajuste adaptable gracias a su elasticidad)<\/p>\n<\/li>\n<li data-start=\"1117\" data-end=\"1157\">\n<p data-start=\"1119\" data-end=\"1157\">\ud83e\udd0d Material suave, c\u00f3modo y el\u00e1stico<\/p>\n<\/li>\n<li data-start=\"1158\" data-end=\"1189\">\n<p data-start=\"1160\" data-end=\"1189\">\ud83d\udd25 Dise\u00f1o sensual y moderno<\/p>\n<\/li>\n<li data-start=\"1190\" data-end=\"1223\">\n<p data-start=\"1192\" data-end=\"1223\">\ud83c\udf81 Ideal como regalo especial<\/p>\n<\/li>\n<\/ul>\n","protected":false},"excerpt":{"rendered":"<p data-start=\"220\" data-end=\"406\">La <strong data-start=\"276\" data-end=\"332\">tanga de lencer\u00eda masculina con doble broche lateral<\/strong> est\u00e1 dise\u00f1ada para hombres que buscan una prenda sensual, pr\u00e1ctica y con un dise\u00f1o distintivo. Incorpora <strong data-start=\"438\" data-end=\"478\">dos broches ubicados a los laterales<\/strong>, que aportan un detalle visual atractivo y mayor funcionalidad sin sacrificar comodidad. <strong>(UNITALLA)<\/strong><\/p>\n","protected":false},"featured_media":10799,"comment_status":"open","ping_status":"closed","template":"","meta":{"site-sidebar-layout":"default","site-content-layout":"","ast-site-content-layout":"default","site-content-style":"default","site-sidebar-style":"default","ast-global-header-display":"","ast-banner-title-visibility":"","ast-main-header-display":"","ast-hfb-above-header-display":"","ast-hfb-below-header-display":"","ast-hfb-mobile-header-display":"","site-post-title":"","ast-breadcrumbs-content":"","ast-featured-img":"","footer-sml-layout":"","ast-disable-related-posts":"","theme-transparent-header-meta":"default","adv-header-id-meta":"","stick-header-meta":"","header-above-stick-meta":"","header-main-stick-meta":"","header-below-stick-meta":"","astra-migrate-meta-layouts":"set","ast-page-background-enabled":"default","ast-page-background-meta":{"desktop":{"background-color":"var(--ast-global-color-4)","background-image":"","background-repeat":"repeat","background-position":"center center","background-size":"auto","background-attachment":"scroll","background-type":"","background-media":"","overlay-type":"","overlay-color":"","overlay-opacity":"","overlay-gradient":""},"tablet":{"background-color":"","background-image":"","background-repeat":"repeat","background-position":"center center","background-size":"auto","background-attachment":"scroll","background-type":"","background-media":"","overlay-type":"","overlay-color":"","overlay-opacity":"","overlay-gradient":""},"mobile":{"background-color":"","background-image":"","background-repeat":"repeat","background-position":"center center","background-size":"auto","background-attachment":"scroll","background-type":"","background-media":"","overlay-type":"","overlay-color":"","overlay-opacity":"","overlay-gradient":""}},"ast-content-background-meta":{"desktop":{"background-color":"var(--ast-global-color-5)","background-image":"","background-repeat":"repeat","background-position":"center center","background-size":"auto","background-attachment":"scroll","background-type":"","background-media":"","overlay-type":"","overlay-color":"","overlay-opacity":"","overlay-gradient":""},"tablet":{"background-color":"var(--ast-global-color-5)","background-image":"","background-repeat":"repeat","background-position":"center center","background-size":"auto","background-attachment":"scroll","background-type":"","background-media":"","overlay-type":"","overlay-color":"","overlay-opacity":"","overlay-gradient":""},"mobile":{"background-color":"var(--ast-global-color-5)","background-image":"","background-repeat":"repeat","background-position":"center center","background-size":"auto","background-attachment":"scroll","background-type":"","background-media":"","overlay-type":"","overlay-color":"","overlay-opacity":"","overlay-gradient":""}}},"product_brand":[],"product_cat":[38,21,30,146],"product_tag":[],"class_list":{"0":"post-10832","1":"product","2":"type-product","3":"status-publish","4":"has-post-thumbnail","6":"product_cat-nuevos","7":"product_cat-ropa-interior","8":"product_cat-tanga","9":"product_cat-tangas-n","10":"desktop-align-center","11":"tablet-align-left","12":"mobile-align-left","13":"ast-product-gallery-layout-horizontal-slider","14":"ast-product-tabs-layout-horizontal","15":"ast-qv-on-image","17":"first","18":"instock","19":"taxable","20":"shipping-taxable","21":"purchasable","22":"product-type-simple","23":"add-to-wishlist-before_image"},"_links":{"self":[{"href":"https:\/\/menslook.com.mx\/index.php\/wp-json\/wp\/v2\/product\/10832","targetHints":{"allow":["GET"]}}],"collection":[{"href":"https:\/\/menslook.com.mx\/index.php\/wp-json\/wp\/v2\/product"}],"about":[{"href":"https:\/\/menslook.com.mx\/index.php\/wp-json\/wp\/v2\/types\/product"}],"replies":[{"embeddable":true,"href":"https:\/\/menslook.com.mx\/index.php\/wp-json\/wp\/v2\/comments?post=10832"}],"wp:featuredmedia":[{"embeddable":true,"href":"https:\/\/menslook.com.mx\/index.php\/wp-json\/wp\/v2\/media\/10799"}],"wp:attachment":[{"href":"https:\/\/menslook.com.mx\/index.php\/wp-json\/wp\/v2\/media?parent=10832"}],"wp:term":[{"taxonomy":"product_brand","embeddable":true,"href":"https:\/\/menslook.com.mx\/index.php\/wp-json\/wp\/v2\/product_brand?post=10832"},{"taxonomy":"product_cat","embeddable":true,"href":"https:\/\/menslook.com.mx\/index.php\/wp-json\/wp\/v2\/product_cat?post=10832"},{"taxonomy":"product_tag","embeddable":true,"href":"https:\/\/menslook.com.mx\/index.php\/wp-json\/wp\/v2\/product_tag?post=10832"}],"curies":[{"name":"wp","href":"https:\/\/api.w.org\/{rel}","templated":true}]}}