{"id":10628,"date":"2025-11-28T05:33:55","date_gmt":"2025-11-28T05:33:55","guid":{"rendered":"https:\/\/menslook.com.mx\/?post_type=product&#038;p=10628"},"modified":"2026-05-05T16:30:16","modified_gmt":"2026-05-05T16:30:16","slug":"bikini-mens-look-patitos","status":"publish","type":"product","link":"https:\/\/menslook.com.mx\/index.php\/producto\/bikini-mens-look-patitos\/","title":{"rendered":"Bikini Mens Look Patitos"},"content":{"rendered":"<p data-start=\"229\" data-end=\"503\">Sum\u00e9rgete en la comodidad con nuestro <strong data-start=\"267\" data-end=\"297\">bikini \u201cRubber Duck\u201d<\/strong> \ud83d\udc24\ud83d\udc99.<br data-start=\"303\" data-end=\"306\" \/>Un dise\u00f1o encantador y juguet\u00f3n con <strong data-start=\"342\" data-end=\"403\">patitos amarillos sobre un fondo azul brillante<\/strong>, creando un contraste alegre y lleno de personalidad que te har\u00e1 destacar en cualquier momento \ud83d\ude04\u2728.<\/p>\n<p data-start=\"505\" data-end=\"734\">La tela es suave, el\u00e1stica y s\u00faper c\u00f3moda, perfecta para acompa\u00f1arte durante todo el d\u00eda con frescura, ligereza y libertad de movimiento.<br data-start=\"642\" data-end=\"645\" \/>Ideal para quienes aman los estampados originales, divertidos y con mucha vibra positiva.<\/p>\n<h3 data-start=\"736\" data-end=\"764\">\u2b50 \u00bfPor qu\u00e9 te encantar\u00e1?<\/h3>\n<ul data-start=\"765\" data-end=\"1003\">\n<li data-start=\"765\" data-end=\"804\">\n<p data-start=\"767\" data-end=\"804\">\ud83e\uddf5 Tela suave, fresca y ultrac\u00f3moda<\/p>\n<\/li>\n<li data-start=\"805\" data-end=\"866\">\n<p data-start=\"807\" data-end=\"866\">\ud83d\udc24 Estampado adorable de patitos amarillos con fondo azul<\/p>\n<\/li>\n<li data-start=\"867\" data-end=\"941\">\n<p data-start=\"869\" data-end=\"941\">\ud83c\udf81 Perfecto para regalar, coleccionar o sorprender a alguien con humor<\/p>\n<\/li>\n<li data-start=\"942\" data-end=\"1003\">\n<p data-start=\"944\" data-end=\"1003\">\ud83d\udcf8 Ideal para fotos, contenido divertido o vibes juguetonas<\/p>\n<\/li>\n<\/ul>\n<p data-start=\"1005\" data-end=\"1128\">Este bikini combina <strong data-start=\"1024\" data-end=\"1055\">ternura, diversi\u00f3n y estilo<\/strong>, dise\u00f1ado para quienes disfrutan prendas \u00fanicas que sacan sonrisas \ud83d\udc99\ud83d\udc24.<\/p>\n<p data-start=\"1130\" data-end=\"1192\">\ud83d\udc49 <strong data-start=\"1133\" data-end=\"1188\">\u00a1Agr\u00e9galo al carrito y disfruta la vibra Wet &amp; Fun!<\/strong> \ud83d\uded2\u2728<\/p>\n","protected":false},"excerpt":{"rendered":"<p>Sum\u00e9rgete en la comodidad con nuestro <strong data-start=\"267\" data-end=\"297\">bikini \u201cRubber Duck\u201d<\/strong> \ud83d\udc24\ud83d\udc99.<br data-start=\"303\" data-end=\"306\" \/>Un dise\u00f1o encantador y juguet\u00f3n con <strong data-start=\"342\" data-end=\"403\">patitos amarillos sobre un fondo azul brillante<\/strong>, creando un contraste alegre y lleno de personalidad que te har\u00e1 destacar en cualquier momento \ud83d\ude04\u2728.<\/p>\n","protected":false},"featured_media":10598,"comment_status":"open","ping_status":"closed","template":"","meta":{"site-sidebar-layout":"default","site-content-layout":"default","ast-site-content-layout":"default","site-content-style":"default","site-sidebar-style":"default","ast-global-header-display":"","ast-banner-title-visibility":"","ast-main-header-display":"","ast-hfb-above-header-display":"","ast-hfb-below-header-display":"","ast-hfb-mobile-header-display":"","site-post-title":"","ast-breadcrumbs-content":"","ast-featured-img":"","footer-sml-layout":"","ast-disable-related-posts":"","theme-transparent-header-meta":"default","adv-header-id-meta":"","stick-header-meta":"","header-above-stick-meta":"","header-main-stick-meta":"","header-below-stick-meta":"","astra-migrate-meta-layouts":"set","ast-page-background-enabled":"default","ast-page-background-meta":{"desktop":{"background-color":"var(--ast-global-color-4)","background-image":"","background-repeat":"repeat","background-position":"center center","background-size":"auto","background-attachment":"scroll","background-type":"","background-media":"","overlay-type":"","overlay-color":"","overlay-opacity":"","overlay-gradient":""},"tablet":{"background-color":"","background-image":"","background-repeat":"repeat","background-position":"center center","background-size":"auto","background-attachment":"scroll","background-type":"","background-media":"","overlay-type":"","overlay-color":"","overlay-opacity":"","overlay-gradient":""},"mobile":{"background-color":"","background-image":"","background-repeat":"repeat","background-position":"center center","background-size":"auto","background-attachment":"scroll","background-type":"","background-media":"","overlay-type":"","overlay-color":"","overlay-opacity":"","overlay-gradient":""}},"ast-content-background-meta":{"desktop":{"background-color":"var(--ast-global-color-5)","background-image":"","background-repeat":"repeat","background-position":"center center","background-size":"auto","background-attachment":"scroll","background-type":"","background-media":"","overlay-type":"","overlay-color":"","overlay-opacity":"","overlay-gradient":""},"tablet":{"background-color":"var(--ast-global-color-5)","background-image":"","background-repeat":"repeat","background-position":"center center","background-size":"auto","background-attachment":"scroll","background-type":"","background-media":"","overlay-type":"","overlay-color":"","overlay-opacity":"","overlay-gradient":""},"mobile":{"background-color":"var(--ast-global-color-5)","background-image":"","background-repeat":"repeat","background-position":"center center","background-size":"auto","background-attachment":"scroll","background-type":"","background-media":"","overlay-type":"","overlay-color":"","overlay-opacity":"","overlay-gradient":""}}},"product_brand":[],"product_cat":[28,124,38,21],"product_tag":[],"class_list":{"0":"post-10628","1":"product","2":"type-product","3":"status-publish","4":"has-post-thumbnail","6":"product_cat-bikini","7":"product_cat-catalogo","8":"product_cat-nuevos","9":"product_cat-ropa-interior","10":"desktop-align-center","11":"tablet-align-left","12":"mobile-align-left","13":"ast-product-gallery-layout-horizontal-slider","14":"ast-product-single-variable","15":"ast-product-tabs-layout-horizontal","16":"ast-qv-on-image","18":"first","19":"instock","20":"purchasable","21":"product-type-variable","22":"add-to-wishlist-before_image"},"_links":{"self":[{"href":"https:\/\/menslook.com.mx\/index.php\/wp-json\/wp\/v2\/product\/10628","targetHints":{"allow":["GET"]}}],"collection":[{"href":"https:\/\/menslook.com.mx\/index.php\/wp-json\/wp\/v2\/product"}],"about":[{"href":"https:\/\/menslook.com.mx\/index.php\/wp-json\/wp\/v2\/types\/product"}],"replies":[{"embeddable":true,"href":"https:\/\/menslook.com.mx\/index.php\/wp-json\/wp\/v2\/comments?post=10628"}],"wp:featuredmedia":[{"embeddable":true,"href":"https:\/\/menslook.com.mx\/index.php\/wp-json\/wp\/v2\/media\/10598"}],"wp:attachment":[{"href":"https:\/\/menslook.com.mx\/index.php\/wp-json\/wp\/v2\/media?parent=10628"}],"wp:term":[{"taxonomy":"product_brand","embeddable":true,"href":"https:\/\/menslook.com.mx\/index.php\/wp-json\/wp\/v2\/product_brand?post=10628"},{"taxonomy":"product_cat","embeddable":true,"href":"https:\/\/menslook.com.mx\/index.php\/wp-json\/wp\/v2\/product_cat?post=10628"},{"taxonomy":"product_tag","embeddable":true,"href":"https:\/\/menslook.com.mx\/index.php\/wp-json\/wp\/v2\/product_tag?post=10628"}],"curies":[{"name":"wp","href":"https:\/\/api.w.org\/{rel}","templated":true}]}}