{"id":10612,"date":"2025-11-28T04:58:11","date_gmt":"2025-11-28T04:58:11","guid":{"rendered":"https:\/\/menslook.com.mx\/?post_type=product&#038;p=10612"},"modified":"2026-03-29T02:02:53","modified_gmt":"2026-03-29T02:02:53","slug":"bikini-mens-look-berenjena","status":"publish","type":"product","link":"https:\/\/menslook.com.mx\/index.php\/producto\/bikini-mens-look-berenjena\/","title":{"rendered":"Bikini Mens Look Berenjena"},"content":{"rendered":"<p data-start=\"214\" data-end=\"509\">Atr\u00e9vete a llevar el dise\u00f1o m\u00e1s divertido y coqueto de la colecci\u00f3n: nuestro <strong data-start=\"291\" data-end=\"315\">bikini \u201cEggplant Fun\u201d<\/strong> \ud83c\udf46\ud83d\udc9c.<br data-start=\"321\" data-end=\"324\" \/>Un estampado lleno de <strong data-start=\"346\" data-end=\"372\">berenjenas con actitud<\/strong>, colores vibrantes y un toque juguet\u00f3n que convierte esta prenda en la favorita de quienes aman re\u00edr, disfrutar y lucir con estilo \ud83d\ude09\ud83d\udd25.<\/p>\n<p data-start=\"511\" data-end=\"740\">Fabricado con tela suave, el\u00e1stica y ultra c\u00f3moda, este modelo se adapta perfectamente a tu cuerpo, brindando libertad y frescura durante todo el d\u00eda.<br data-start=\"661\" data-end=\"664\" \/>Ideal para quienes buscan un estilo \u00fanico, atrevido y lleno de personalidad.<\/p>\n<h3 data-start=\"742\" data-end=\"770\">\u2b50 \u00bfPor qu\u00e9 te encantar\u00e1?<\/h3>\n<ul data-start=\"771\" data-end=\"986\">\n<li data-start=\"771\" data-end=\"811\">\n<p data-start=\"773\" data-end=\"811\">\ud83e\uddf5 Tela suave, fresca y s\u00faper c\u00f3moda<\/p>\n<\/li>\n<li data-start=\"812\" data-end=\"865\">\n<p data-start=\"814\" data-end=\"865\">\ud83c\udf46 Estampado divertido, atrevido y lleno de vibra<\/p>\n<\/li>\n<li data-start=\"866\" data-end=\"924\">\n<p data-start=\"868\" data-end=\"924\">\ud83c\udf81 Perfecto para regalar, sorprender o romper el hielo<\/p>\n<\/li>\n<li data-start=\"925\" data-end=\"986\">\n<p data-start=\"927\" data-end=\"986\">\ud83d\udcf8 Ideal para fotos, contenido picar\u00f3n o vibes humor\u00edsticas<\/p>\n<\/li>\n<\/ul>\n<p data-start=\"988\" data-end=\"1084\">Este brief es para los que disfrutan la vida con humor, buena vibra y un toque irreverente \ud83d\udc9c\ud83d\ude0f.<\/p>\n<p data-start=\"1086\" data-end=\"1153\">\ud83d\udc49 <strong data-start=\"1089\" data-end=\"1148\">\u00a1Agr\u00e9galo al carrito y lleva la diversi\u00f3n a otro nivel!<\/strong> \ud83d\uded2\ud83d\udd25<\/p>\n","protected":false},"excerpt":{"rendered":"<p>Atr\u00e9vete a llevar el dise\u00f1o m\u00e1s divertido y coqueto de la colecci\u00f3n: nuestro <strong data-start=\"291\" data-end=\"315\">bikini \u201cEggplant Fun\u201d<\/strong> \ud83c\udf46\ud83d\udc9c.<br data-start=\"321\" data-end=\"324\" \/>Un estampado lleno de <strong data-start=\"346\" data-end=\"372\">berenjenas con actitud<\/strong>, colores vibrantes y un toque juguet\u00f3n que convierte esta prenda en la favorita de quienes aman re\u00edr, disfrutar y lucir con estilo \ud83d\ude09\ud83d\udd25.<\/p>\n","protected":false},"featured_media":10590,"comment_status":"open","ping_status":"closed","template":"","meta":{"site-sidebar-layout":"default","site-content-layout":"default","ast-site-content-layout":"default","site-content-style":"default","site-sidebar-style":"default","ast-global-header-display":"","ast-banner-title-visibility":"","ast-main-header-display":"","ast-hfb-above-header-display":"","ast-hfb-below-header-display":"","ast-hfb-mobile-header-display":"","site-post-title":"","ast-breadcrumbs-content":"","ast-featured-img":"","footer-sml-layout":"","ast-disable-related-posts":"","theme-transparent-header-meta":"default","adv-header-id-meta":"","stick-header-meta":"","header-above-stick-meta":"","header-main-stick-meta":"","header-below-stick-meta":"","astra-migrate-meta-layouts":"set","ast-page-background-enabled":"default","ast-page-background-meta":{"desktop":{"background-color":"var(--ast-global-color-4)","background-image":"","background-repeat":"repeat","background-position":"center center","background-size":"auto","background-attachment":"scroll","background-type":"","background-media":"","overlay-type":"","overlay-color":"","overlay-opacity":"","overlay-gradient":""},"tablet":{"background-color":"","background-image":"","background-repeat":"repeat","background-position":"center center","background-size":"auto","background-attachment":"scroll","background-type":"","background-media":"","overlay-type":"","overlay-color":"","overlay-opacity":"","overlay-gradient":""},"mobile":{"background-color":"","background-image":"","background-repeat":"repeat","background-position":"center center","background-size":"auto","background-attachment":"scroll","background-type":"","background-media":"","overlay-type":"","overlay-color":"","overlay-opacity":"","overlay-gradient":""}},"ast-content-background-meta":{"desktop":{"background-color":"var(--ast-global-color-5)","background-image":"","background-repeat":"repeat","background-position":"center center","background-size":"auto","background-attachment":"scroll","background-type":"","background-media":"","overlay-type":"","overlay-color":"","overlay-opacity":"","overlay-gradient":""},"tablet":{"background-color":"var(--ast-global-color-5)","background-image":"","background-repeat":"repeat","background-position":"center center","background-size":"auto","background-attachment":"scroll","background-type":"","background-media":"","overlay-type":"","overlay-color":"","overlay-opacity":"","overlay-gradient":""},"mobile":{"background-color":"var(--ast-global-color-5)","background-image":"","background-repeat":"repeat","background-position":"center center","background-size":"auto","background-attachment":"scroll","background-type":"","background-media":"","overlay-type":"","overlay-color":"","overlay-opacity":"","overlay-gradient":""}}},"product_brand":[],"product_cat":[28,124,38,21],"product_tag":[],"class_list":{"0":"post-10612","1":"product","2":"type-product","3":"status-publish","4":"has-post-thumbnail","6":"product_cat-bikini","7":"product_cat-catalogo","8":"product_cat-nuevos","9":"product_cat-ropa-interior","10":"desktop-align-center","11":"tablet-align-left","12":"mobile-align-left","13":"ast-product-gallery-layout-horizontal-slider","14":"ast-product-single-variable","15":"ast-product-tabs-layout-horizontal","16":"ast-qv-on-image","18":"first","19":"instock","20":"purchasable","21":"product-type-variable","22":"add-to-wishlist-before_image"},"_links":{"self":[{"href":"https:\/\/menslook.com.mx\/index.php\/wp-json\/wp\/v2\/product\/10612","targetHints":{"allow":["GET"]}}],"collection":[{"href":"https:\/\/menslook.com.mx\/index.php\/wp-json\/wp\/v2\/product"}],"about":[{"href":"https:\/\/menslook.com.mx\/index.php\/wp-json\/wp\/v2\/types\/product"}],"replies":[{"embeddable":true,"href":"https:\/\/menslook.com.mx\/index.php\/wp-json\/wp\/v2\/comments?post=10612"}],"wp:featuredmedia":[{"embeddable":true,"href":"https:\/\/menslook.com.mx\/index.php\/wp-json\/wp\/v2\/media\/10590"}],"wp:attachment":[{"href":"https:\/\/menslook.com.mx\/index.php\/wp-json\/wp\/v2\/media?parent=10612"}],"wp:term":[{"taxonomy":"product_brand","embeddable":true,"href":"https:\/\/menslook.com.mx\/index.php\/wp-json\/wp\/v2\/product_brand?post=10612"},{"taxonomy":"product_cat","embeddable":true,"href":"https:\/\/menslook.com.mx\/index.php\/wp-json\/wp\/v2\/product_cat?post=10612"},{"taxonomy":"product_tag","embeddable":true,"href":"https:\/\/menslook.com.mx\/index.php\/wp-json\/wp\/v2\/product_tag?post=10612"}],"curies":[{"name":"wp","href":"https:\/\/api.w.org\/{rel}","templated":true}]}}