{"id":10602,"date":"2025-11-28T04:26:32","date_gmt":"2025-11-28T04:26:32","guid":{"rendered":"https:\/\/menslook.com.mx\/?post_type=product&#038;p=10602"},"modified":"2026-02-20T21:32:25","modified_gmt":"2026-02-20T21:32:25","slug":"bikini-funtasy-csp-burbuja","status":"publish","type":"product","link":"https:\/\/menslook.com.mx\/index.php\/producto\/bikini-funtasy-csp-burbuja\/","title":{"rendered":"Bikini Funtasy CSP Burbuja"},"content":{"rendered":"<p data-start=\"243\" data-end=\"514\">Deja salir tu lado m\u00e1s alegre y encantador con nuestro <strong data-start=\"298\" data-end=\"323\">bikini \u201cBurbuja Vibes\u201d<\/strong> \ud83d\udc99\u2728.<br data-start=\"328\" data-end=\"331\" \/>Inspirado en la ternura, brillo y energ\u00eda positiva de <strong data-start=\"385\" data-end=\"396\">Burbuja<\/strong>, este dise\u00f1o combina tonos azules vibrantes, ilustraciones din\u00e1micas y un estilo que transmite pura buena vibra \ud83e\ude75\ud83c\udf1f.<\/p>\n<p data-start=\"516\" data-end=\"750\">Fabricado con tela suave, el\u00e1stica y s\u00faper c\u00f3moda, es perfecto para quienes aman la comodidad sin perder la personalidad.<br data-start=\"637\" data-end=\"640\" \/>Ideal para fans de la cultura pop, coleccionistas o para quienes disfrutan prendas \u00fanicas y llenas de encanto.<\/p>\n<h3 data-start=\"752\" data-end=\"780\">\u2b50 \u00bfPor qu\u00e9 te encantar\u00e1?<\/h3>\n<ul data-start=\"781\" data-end=\"1013\">\n<li data-start=\"781\" data-end=\"820\">\n<p data-start=\"783\" data-end=\"820\">\ud83e\uddf5 Tela suave, fresca y ultrac\u00f3moda<\/p>\n<\/li>\n<li data-start=\"821\" data-end=\"877\">\n<p data-start=\"823\" data-end=\"877\">\ud83d\udc99 Estampado alegre de Burbuja + detalles brillantes<\/p>\n<\/li>\n<li data-start=\"878\" data-end=\"951\">\n<p data-start=\"880\" data-end=\"951\">\ud83c\udf81 Perfecto para regalar, coleccionar o sorprender a alguien especial<\/p>\n<\/li>\n<li data-start=\"952\" data-end=\"1013\">\n<p data-start=\"954\" data-end=\"1013\">\ud83d\udcf8 Ideal para fotos, contenido creativo o vibes nost\u00e1lgicas<\/p>\n<\/li>\n<\/ul>\n<p data-start=\"1015\" data-end=\"1148\">Este modelo es para los que vibran bonito, aman los colores alegres y no le tienen miedo a mostrar su lado m\u00e1s sweet y divertido \ud83e\ude75\u2728.<\/p>\n<p data-start=\"1150\" data-end=\"1217\">\ud83d\udc49 <strong data-start=\"1153\" data-end=\"1212\">\u00a1Agr\u00e9galo al carrito y deja que Burbuja ilumine tu d\u00eda!<\/strong> \ud83d\uded2\ud83c\udf1f<\/p>\n","protected":false},"excerpt":{"rendered":"<p>Deja salir tu lado m\u00e1s alegre y encantador con nuestro <strong data-start=\"298\" data-end=\"323\">bikini \u201cBurbuja Vibes\u201d<\/strong> \ud83d\udc99\u2728.<\/p>\n","protected":false},"featured_media":10582,"comment_status":"open","ping_status":"closed","template":"","meta":{"site-sidebar-layout":"default","site-content-layout":"default","ast-site-content-layout":"default","site-content-style":"default","site-sidebar-style":"default","ast-global-header-display":"","ast-banner-title-visibility":"","ast-main-header-display":"","ast-hfb-above-header-display":"","ast-hfb-below-header-display":"","ast-hfb-mobile-header-display":"","site-post-title":"","ast-breadcrumbs-content":"","ast-featured-img":"","footer-sml-layout":"","ast-disable-related-posts":"","theme-transparent-header-meta":"default","adv-header-id-meta":"","stick-header-meta":"","header-above-stick-meta":"","header-main-stick-meta":"","header-below-stick-meta":"","astra-migrate-meta-layouts":"set","ast-page-background-enabled":"default","ast-page-background-meta":{"desktop":{"background-color":"var(--ast-global-color-4)","background-image":"","background-repeat":"repeat","background-position":"center center","background-size":"auto","background-attachment":"scroll","background-type":"","background-media":"","overlay-type":"","overlay-color":"","overlay-opacity":"","overlay-gradient":""},"tablet":{"background-color":"","background-image":"","background-repeat":"repeat","background-position":"center center","background-size":"auto","background-attachment":"scroll","background-type":"","background-media":"","overlay-type":"","overlay-color":"","overlay-opacity":"","overlay-gradient":""},"mobile":{"background-color":"","background-image":"","background-repeat":"repeat","background-position":"center center","background-size":"auto","background-attachment":"scroll","background-type":"","background-media":"","overlay-type":"","overlay-color":"","overlay-opacity":"","overlay-gradient":""}},"ast-content-background-meta":{"desktop":{"background-color":"var(--ast-global-color-5)","background-image":"","background-repeat":"repeat","background-position":"center center","background-size":"auto","background-attachment":"scroll","background-type":"","background-media":"","overlay-type":"","overlay-color":"","overlay-opacity":"","overlay-gradient":""},"tablet":{"background-color":"var(--ast-global-color-5)","background-image":"","background-repeat":"repeat","background-position":"center center","background-size":"auto","background-attachment":"scroll","background-type":"","background-media":"","overlay-type":"","overlay-color":"","overlay-opacity":"","overlay-gradient":""},"mobile":{"background-color":"var(--ast-global-color-5)","background-image":"","background-repeat":"repeat","background-position":"center center","background-size":"auto","background-attachment":"scroll","background-type":"","background-media":"","overlay-type":"","overlay-color":"","overlay-opacity":"","overlay-gradient":""}}},"product_brand":[],"product_cat":[28,133,124,38,21],"product_tag":[],"class_list":{"0":"post-10602","1":"product","2":"type-product","3":"status-publish","4":"has-post-thumbnail","6":"product_cat-bikini","7":"product_cat-bikini-f","8":"product_cat-catalogo","9":"product_cat-nuevos","10":"product_cat-ropa-interior","11":"desktop-align-center","12":"tablet-align-left","13":"mobile-align-left","14":"ast-product-gallery-layout-horizontal-slider","15":"ast-product-single-variable","16":"ast-product-tabs-layout-horizontal","17":"ast-qv-on-image","19":"first","20":"instock","21":"purchasable","22":"product-type-variable","23":"add-to-wishlist-before_image"},"_links":{"self":[{"href":"https:\/\/menslook.com.mx\/index.php\/wp-json\/wp\/v2\/product\/10602","targetHints":{"allow":["GET"]}}],"collection":[{"href":"https:\/\/menslook.com.mx\/index.php\/wp-json\/wp\/v2\/product"}],"about":[{"href":"https:\/\/menslook.com.mx\/index.php\/wp-json\/wp\/v2\/types\/product"}],"replies":[{"embeddable":true,"href":"https:\/\/menslook.com.mx\/index.php\/wp-json\/wp\/v2\/comments?post=10602"}],"wp:featuredmedia":[{"embeddable":true,"href":"https:\/\/menslook.com.mx\/index.php\/wp-json\/wp\/v2\/media\/10582"}],"wp:attachment":[{"href":"https:\/\/menslook.com.mx\/index.php\/wp-json\/wp\/v2\/media?parent=10602"}],"wp:term":[{"taxonomy":"product_brand","embeddable":true,"href":"https:\/\/menslook.com.mx\/index.php\/wp-json\/wp\/v2\/product_brand?post=10602"},{"taxonomy":"product_cat","embeddable":true,"href":"https:\/\/menslook.com.mx\/index.php\/wp-json\/wp\/v2\/product_cat?post=10602"},{"taxonomy":"product_tag","embeddable":true,"href":"https:\/\/menslook.com.mx\/index.php\/wp-json\/wp\/v2\/product_tag?post=10602"}],"curies":[{"name":"wp","href":"https:\/\/api.w.org\/{rel}","templated":true}]}}