{"id":10559,"date":"2025-11-28T03:33:46","date_gmt":"2025-11-28T03:33:46","guid":{"rendered":"https:\/\/menslook.com.mx\/?post_type=product&#038;p=10559"},"modified":"2026-05-02T18:37:04","modified_gmt":"2026-05-02T18:37:04","slug":"bikini-funtasy-navidad-santa","status":"publish","type":"product","link":"https:\/\/menslook.com.mx\/index.php\/producto\/bikini-funtasy-navidad-santa\/","title":{"rendered":"Bikini Funtasy Navidad Santa"},"content":{"rendered":"<p data-start=\"191\" data-end=\"414\">Celebra la temporada con el cl\u00e1sico m\u00e1s querido: nuestro <strong data-start=\"248\" data-end=\"272\">bikini \u201cSanta \u201d<\/strong> \ud83c\udf85\ud83d\udd25.<br data-start=\"278\" data-end=\"281\" \/>Un dise\u00f1o vibrante con <strong data-start=\"304\" data-end=\"355\">Santa, tonos rojos intensos y detalles festivos<\/strong> que transmiten toda la magia y alegr\u00eda de la navidad \u2764\ufe0f\ud83c\udf81.<\/p>\n<p data-start=\"416\" data-end=\"637\">Hecho con materiales suaves, resistentes y el\u00e1sticos, ofrece una sensaci\u00f3n c\u00f3moda y ligera durante todo el d\u00eda\u2026 y toda la noche \ud83d\ude09\u2728.<br data-start=\"548\" data-end=\"551\" \/>Perfecto para quienes aman la diversi\u00f3n, el estilo y un toque picar\u00f3n en estas fechas.<\/p>\n<h3 data-start=\"639\" data-end=\"667\">\u2b50 \u00bfPor qu\u00e9 te encantar\u00e1?<\/h3>\n<ul data-start=\"668\" data-end=\"895\">\n<li data-start=\"668\" data-end=\"708\">\n<p data-start=\"670\" data-end=\"708\">\ud83e\uddf5 Tela suave, fresca y s\u00faper c\u00f3moda<\/p>\n<\/li>\n<li data-start=\"709\" data-end=\"763\">\n<p data-start=\"711\" data-end=\"763\">\ud83c\udf85 Estampado navide\u00f1o de Santa + detalles festivos<\/p>\n<\/li>\n<li data-start=\"764\" data-end=\"838\">\n<p data-start=\"766\" data-end=\"838\">\ud83c\udf81 Perfecto para regalar, intercambios o sorprender a alguien especial<\/p>\n<\/li>\n<li data-start=\"839\" data-end=\"895\">\n<p data-start=\"841\" data-end=\"895\">\ud83d\udcf8 Ideal para fotos, videos festivos o vibes navide\u00f1as<\/p>\n<\/li>\n<\/ul>\n<p data-start=\"897\" data-end=\"1020\">Haz que esta temporada se sienta a\u00fan m\u00e1s especial con un dise\u00f1o que combina <strong data-start=\"973\" data-end=\"1014\">comodidad, personalidad y mucha magia<\/strong> \u2764\ufe0f\ud83c\udf84.<\/p>\n<p data-start=\"1022\" data-end=\"1095\">\ud83d\udc49 <strong data-start=\"1025\" data-end=\"1091\">\u00a1Agr\u00e9galo al carrito y d\u00e9jate llevar por el esp\u00edritu de Santa!<\/strong> \ud83d\uded2\u2728<\/p>\n","protected":false},"excerpt":{"rendered":"<p>Celebra la temporada con el cl\u00e1sico m\u00e1s querido: nuestro <strong data-start=\"248\" data-end=\"272\">bikini \u201cSanta\u201d<\/strong> \ud83c\udf85\ud83d\udd25.<\/p>\n","protected":false},"featured_media":10546,"comment_status":"open","ping_status":"closed","template":"","meta":{"site-sidebar-layout":"default","site-content-layout":"default","ast-site-content-layout":"default","site-content-style":"default","site-sidebar-style":"default","ast-global-header-display":"","ast-banner-title-visibility":"","ast-main-header-display":"","ast-hfb-above-header-display":"","ast-hfb-below-header-display":"","ast-hfb-mobile-header-display":"","site-post-title":"","ast-breadcrumbs-content":"","ast-featured-img":"","footer-sml-layout":"","ast-disable-related-posts":"","theme-transparent-header-meta":"default","adv-header-id-meta":"","stick-header-meta":"","header-above-stick-meta":"","header-main-stick-meta":"","header-below-stick-meta":"","astra-migrate-meta-layouts":"set","ast-page-background-enabled":"default","ast-page-background-meta":{"desktop":{"background-color":"var(--ast-global-color-4)","background-image":"","background-repeat":"repeat","background-position":"center center","background-size":"auto","background-attachment":"scroll","background-type":"","background-media":"","overlay-type":"","overlay-color":"","overlay-opacity":"","overlay-gradient":""},"tablet":{"background-color":"","background-image":"","background-repeat":"repeat","background-position":"center center","background-size":"auto","background-attachment":"scroll","background-type":"","background-media":"","overlay-type":"","overlay-color":"","overlay-opacity":"","overlay-gradient":""},"mobile":{"background-color":"","background-image":"","background-repeat":"repeat","background-position":"center center","background-size":"auto","background-attachment":"scroll","background-type":"","background-media":"","overlay-type":"","overlay-color":"","overlay-opacity":"","overlay-gradient":""}},"ast-content-background-meta":{"desktop":{"background-color":"var(--ast-global-color-5)","background-image":"","background-repeat":"repeat","background-position":"center center","background-size":"auto","background-attachment":"scroll","background-type":"","background-media":"","overlay-type":"","overlay-color":"","overlay-opacity":"","overlay-gradient":""},"tablet":{"background-color":"var(--ast-global-color-5)","background-image":"","background-repeat":"repeat","background-position":"center center","background-size":"auto","background-attachment":"scroll","background-type":"","background-media":"","overlay-type":"","overlay-color":"","overlay-opacity":"","overlay-gradient":""},"mobile":{"background-color":"var(--ast-global-color-5)","background-image":"","background-repeat":"repeat","background-position":"center center","background-size":"auto","background-attachment":"scroll","background-type":"","background-media":"","overlay-type":"","overlay-color":"","overlay-opacity":"","overlay-gradient":""}}},"product_brand":[],"product_cat":[28,133,124,120,21],"product_tag":[],"class_list":{"0":"post-10559","1":"product","2":"type-product","3":"status-publish","4":"has-post-thumbnail","6":"product_cat-bikini","7":"product_cat-bikini-f","8":"product_cat-catalogo","9":"product_cat-promo","10":"product_cat-ropa-interior","11":"desktop-align-center","12":"tablet-align-left","13":"mobile-align-left","14":"ast-product-gallery-layout-horizontal-slider","15":"ast-product-single-variable","16":"ast-product-tabs-layout-horizontal","17":"ast-qv-on-image","19":"first","20":"instock","21":"sale","22":"purchasable","23":"product-type-variable","24":"add-to-wishlist-before_image"},"_links":{"self":[{"href":"https:\/\/menslook.com.mx\/index.php\/wp-json\/wp\/v2\/product\/10559","targetHints":{"allow":["GET"]}}],"collection":[{"href":"https:\/\/menslook.com.mx\/index.php\/wp-json\/wp\/v2\/product"}],"about":[{"href":"https:\/\/menslook.com.mx\/index.php\/wp-json\/wp\/v2\/types\/product"}],"replies":[{"embeddable":true,"href":"https:\/\/menslook.com.mx\/index.php\/wp-json\/wp\/v2\/comments?post=10559"}],"wp:featuredmedia":[{"embeddable":true,"href":"https:\/\/menslook.com.mx\/index.php\/wp-json\/wp\/v2\/media\/10546"}],"wp:attachment":[{"href":"https:\/\/menslook.com.mx\/index.php\/wp-json\/wp\/v2\/media?parent=10559"}],"wp:term":[{"taxonomy":"product_brand","embeddable":true,"href":"https:\/\/menslook.com.mx\/index.php\/wp-json\/wp\/v2\/product_brand?post=10559"},{"taxonomy":"product_cat","embeddable":true,"href":"https:\/\/menslook.com.mx\/index.php\/wp-json\/wp\/v2\/product_cat?post=10559"},{"taxonomy":"product_tag","embeddable":true,"href":"https:\/\/menslook.com.mx\/index.php\/wp-json\/wp\/v2\/product_tag?post=10559"}],"curies":[{"name":"wp","href":"https:\/\/api.w.org\/{rel}","templated":true}]}}