{"id":10533,"date":"2025-11-28T02:58:37","date_gmt":"2025-11-28T02:58:37","guid":{"rendered":"https:\/\/menslook.com.mx\/?post_type=product&#038;p=10533"},"modified":"2026-05-02T18:37:20","modified_gmt":"2026-05-02T18:37:20","slug":"bikini-funtasy-navidad-elf","status":"publish","type":"product","link":"https:\/\/menslook.com.mx\/index.php\/producto\/bikini-funtasy-navidad-elf\/","title":{"rendered":"Bikini Funtasy Navidad Elf"},"content":{"rendered":"<p data-start=\"203\" data-end=\"417\">Vive la temporada m\u00e1s alegre del a\u00f1o con nuestro <strong data-start=\"252\" data-end=\"275\">brief \u201cElf &amp; Gifts\u201d<\/strong> \ud83c\udf84\ud83d\udc9a.<br data-start=\"281\" data-end=\"284\" \/>Un dise\u00f1o s\u00faper c\u00f3modo, divertido y lleno de color, inspirado en <strong data-start=\"349\" data-end=\"410\">duendes navide\u00f1os, regalitos y toda la magia de diciembre<\/strong> \ud83c\udf81\u2728.<\/p>\n<p data-start=\"419\" data-end=\"543\">Suavidad, elasticidad y un ajuste perfecto que te acompa\u00f1a en cada movimiento\u2026 \u00a1ideal para sentirte c\u00f3modo todo el d\u00eda! \ud83d\ude0c\ud83d\udd25<\/p>\n<h3 data-start=\"545\" data-end=\"579\">\u00a0\u00bfPor qu\u00e9 te encantar\u00e1?<\/h3>\n<ul data-start=\"580\" data-end=\"788\">\n<li data-start=\"580\" data-end=\"620\">\n<p data-start=\"582\" data-end=\"620\">\ud83e\uddf5 Tela suave, fresca y ultra c\u00f3moda<\/p>\n<\/li>\n<li data-start=\"621\" data-end=\"664\">\n<p data-start=\"623\" data-end=\"664\">\ud83c\udf85 Estampado \u00fanico de duendes + regalos<\/p>\n<\/li>\n<li data-start=\"665\" data-end=\"725\">\n<p data-start=\"667\" data-end=\"725\">\ud83c\udf81 Perfecto para regalar o sorprender a alguien especial<\/p>\n<\/li>\n<li data-start=\"726\" data-end=\"788\">\n<p data-start=\"728\" data-end=\"788\">\ud83d\udcf8 Ideal para fotos navide\u00f1as, intercambios o vibes festivas<\/p>\n<\/li>\n<\/ul>\n<p data-start=\"790\" data-end=\"871\">Conecta con la navidad de una forma divertida, atrevida y llena de estilo \ud83c\udf84\ud83d\udd25.<\/p>\n<p data-start=\"873\" data-end=\"927\">\ud83d\udc49 <strong data-start=\"876\" data-end=\"923\">\u00a1Agr\u00e9galo al carrito y celebra con actitud!<\/strong> \ud83d\uded2\u2728<\/p>\n","protected":false},"excerpt":{"rendered":"<p>Vive la temporada m\u00e1s alegre del a\u00f1o con nuestro <strong data-start=\"252\" data-end=\"275\">brief \u201cElf &amp; Gifts\u201d<\/strong> \ud83c\udf84\ud83d\udc9a.<\/p>\n","protected":false},"featured_media":10538,"comment_status":"open","ping_status":"closed","template":"","meta":{"site-sidebar-layout":"default","site-content-layout":"default","ast-site-content-layout":"default","site-content-style":"default","site-sidebar-style":"default","ast-global-header-display":"","ast-banner-title-visibility":"","ast-main-header-display":"","ast-hfb-above-header-display":"","ast-hfb-below-header-display":"","ast-hfb-mobile-header-display":"","site-post-title":"","ast-breadcrumbs-content":"","ast-featured-img":"","footer-sml-layout":"","ast-disable-related-posts":"","theme-transparent-header-meta":"default","adv-header-id-meta":"","stick-header-meta":"","header-above-stick-meta":"","header-main-stick-meta":"","header-below-stick-meta":"","astra-migrate-meta-layouts":"set","ast-page-background-enabled":"default","ast-page-background-meta":{"desktop":{"background-color":"var(--ast-global-color-4)","background-image":"","background-repeat":"repeat","background-position":"center center","background-size":"auto","background-attachment":"scroll","background-type":"","background-media":"","overlay-type":"","overlay-color":"","overlay-opacity":"","overlay-gradient":""},"tablet":{"background-color":"","background-image":"","background-repeat":"repeat","background-position":"center center","background-size":"auto","background-attachment":"scroll","background-type":"","background-media":"","overlay-type":"","overlay-color":"","overlay-opacity":"","overlay-gradient":""},"mobile":{"background-color":"","background-image":"","background-repeat":"repeat","background-position":"center center","background-size":"auto","background-attachment":"scroll","background-type":"","background-media":"","overlay-type":"","overlay-color":"","overlay-opacity":"","overlay-gradient":""}},"ast-content-background-meta":{"desktop":{"background-color":"var(--ast-global-color-5)","background-image":"","background-repeat":"repeat","background-position":"center center","background-size":"auto","background-attachment":"scroll","background-type":"","background-media":"","overlay-type":"","overlay-color":"","overlay-opacity":"","overlay-gradient":""},"tablet":{"background-color":"var(--ast-global-color-5)","background-image":"","background-repeat":"repeat","background-position":"center center","background-size":"auto","background-attachment":"scroll","background-type":"","background-media":"","overlay-type":"","overlay-color":"","overlay-opacity":"","overlay-gradient":""},"mobile":{"background-color":"var(--ast-global-color-5)","background-image":"","background-repeat":"repeat","background-position":"center center","background-size":"auto","background-attachment":"scroll","background-type":"","background-media":"","overlay-type":"","overlay-color":"","overlay-opacity":"","overlay-gradient":""}}},"product_brand":[],"product_cat":[28,133,124,120,21],"product_tag":[],"class_list":{"0":"post-10533","1":"product","2":"type-product","3":"status-publish","4":"has-post-thumbnail","6":"product_cat-bikini","7":"product_cat-bikini-f","8":"product_cat-catalogo","9":"product_cat-promo","10":"product_cat-ropa-interior","11":"desktop-align-center","12":"tablet-align-left","13":"mobile-align-left","14":"ast-product-gallery-layout-horizontal-slider","15":"ast-product-single-variable","16":"ast-product-tabs-layout-horizontal","17":"ast-qv-on-image","19":"first","20":"instock","21":"sale","22":"purchasable","23":"product-type-variable","24":"add-to-wishlist-before_image"},"_links":{"self":[{"href":"https:\/\/menslook.com.mx\/index.php\/wp-json\/wp\/v2\/product\/10533","targetHints":{"allow":["GET"]}}],"collection":[{"href":"https:\/\/menslook.com.mx\/index.php\/wp-json\/wp\/v2\/product"}],"about":[{"href":"https:\/\/menslook.com.mx\/index.php\/wp-json\/wp\/v2\/types\/product"}],"replies":[{"embeddable":true,"href":"https:\/\/menslook.com.mx\/index.php\/wp-json\/wp\/v2\/comments?post=10533"}],"wp:featuredmedia":[{"embeddable":true,"href":"https:\/\/menslook.com.mx\/index.php\/wp-json\/wp\/v2\/media\/10538"}],"wp:attachment":[{"href":"https:\/\/menslook.com.mx\/index.php\/wp-json\/wp\/v2\/media?parent=10533"}],"wp:term":[{"taxonomy":"product_brand","embeddable":true,"href":"https:\/\/menslook.com.mx\/index.php\/wp-json\/wp\/v2\/product_brand?post=10533"},{"taxonomy":"product_cat","embeddable":true,"href":"https:\/\/menslook.com.mx\/index.php\/wp-json\/wp\/v2\/product_cat?post=10533"},{"taxonomy":"product_tag","embeddable":true,"href":"https:\/\/menslook.com.mx\/index.php\/wp-json\/wp\/v2\/product_tag?post=10533"}],"curies":[{"name":"wp","href":"https:\/\/api.w.org\/{rel}","templated":true}]}}