{"id":605,"date":"2023-08-28T22:47:23","date_gmt":"2023-08-28T22:47:23","guid":{"rendered":"https:\/\/menslook.com.mx\/?page_id=605"},"modified":"2023-09-11T23:49:13","modified_gmt":"2023-09-11T23:49:13","slug":"contacto","status":"publish","type":"page","link":"https:\/\/menslook.com.mx\/index.php\/contacto\/","title":{"rendered":"Contacto"},"content":{"rendered":"\t\t<div data-elementor-type=\"wp-page\" data-elementor-id=\"605\" class=\"elementor elementor-605\" data-elementor-post-type=\"page\">\n\t\t\t\t<div class=\"elementor-element elementor-element-8b37b06 e-flex e-con-boxed wpr-particle-no wpr-jarallax-no wpr-parallax-no wpr-sticky-section-no e-con e-parent\" data-id=\"8b37b06\" data-element_type=\"container\" data-e-type=\"container\">\n\t\t\t\t\t<div class=\"e-con-inner\">\n\t\t\t\t<div class=\"elementor-element elementor-element-01b96ff elementor-widget elementor-widget-spacer\" data-id=\"01b96ff\" data-element_type=\"widget\" data-e-type=\"widget\" data-widget_type=\"spacer.default\">\n\t\t\t\t<div class=\"elementor-widget-container\">\n\t\t\t\t\t\t\t<div class=\"elementor-spacer\">\n\t\t\t<div class=\"elementor-spacer-inner\"><\/div>\n\t\t<\/div>\n\t\t\t\t\t\t<\/div>\n\t\t\t\t<\/div>\n\t\t\t\t<div class=\"elementor-element elementor-element-925b363 elementor-widget elementor-widget-heading\" data-id=\"925b363\" data-element_type=\"widget\" data-e-type=\"widget\" data-widget_type=\"heading.default\">\n\t\t\t\t<div class=\"elementor-widget-container\">\n\t\t\t\t\t<h2 class=\"elementor-heading-title elementor-size-default\">Cont\u00e1ctanos<\/h2>\t\t\t\t<\/div>\n\t\t\t\t<\/div>\n\t\t\t\t<div class=\"elementor-element elementor-element-0fe7253 elementor-widget elementor-widget-spacer\" data-id=\"0fe7253\" data-element_type=\"widget\" data-e-type=\"widget\" data-widget_type=\"spacer.default\">\n\t\t\t\t<div class=\"elementor-widget-container\">\n\t\t\t\t\t\t\t<div class=\"elementor-spacer\">\n\t\t\t<div class=\"elementor-spacer-inner\"><\/div>\n\t\t<\/div>\n\t\t\t\t\t\t<\/div>\n\t\t\t\t<\/div>\n\t\t\t\t\t<\/div>\n\t\t\t\t<\/div>\n\t\t<div class=\"elementor-element elementor-element-eea36b1 e-flex e-con-boxed wpr-particle-no wpr-jarallax-no wpr-parallax-no wpr-sticky-section-no e-con e-parent\" data-id=\"eea36b1\" data-element_type=\"container\" data-e-type=\"container\">\n\t\t\t\t\t<div class=\"e-con-inner\">\n\t\t\t\t<div class=\"elementor-element elementor-element-113003c elementor-widget elementor-widget-text-editor\" data-id=\"113003c\" data-element_type=\"widget\" data-e-type=\"widget\" data-widget_type=\"text-editor.default\">\n\t\t\t\t<div class=\"elementor-widget-container\">\n\t\t\t\t\t\t\t\t\t<p>\u00a1Estamos aqu\u00ed para ti! Cont\u00e1ctanos y perm\u00edtenos brindarte la mejor experiencia de atenci\u00f3n al cliente.<\/p>\t\t\t\t\t\t\t\t<\/div>\n\t\t\t\t<\/div>\n\t\t\t\t<div class=\"elementor-element elementor-element-6be36c6 elementor-widget elementor-widget-text-editor\" data-id=\"6be36c6\" data-element_type=\"widget\" data-e-type=\"widget\" data-widget_type=\"text-editor.default\">\n\t\t\t\t<div class=\"elementor-widget-container\">\n\t\t\t\t\t\t\t\t\t<p><strong>N\u00famero de tel\u00e9fono:<\/strong> Si tienes alguna pregunta, comentario o consulta, no dudes en llamarnos al <strong>312 241 99 00.<\/strong>\u00a0Nuestro equipo estar\u00e1 encantado de ayudarte en todo lo que necesites.<\/p><p><strong>Correo electr\u00f3nico: <\/strong>\u00bfPrefieres escribirnos? Env\u00eda un correo electr\u00f3nico a <a href=\"mailto:contacto@menslook.com.mx\"><u>contacto@menslook.com.mx<\/u><\/a>. Responderemos a tus mensajes en el menor tiempo posible para resolver todas tus inquietudes.<\/p><p><strong>Direcci\u00f3n:<\/strong> Si deseas visitarnos o necesitas informaci\u00f3n adicional, puedes encontrarnos en <strong>Luis Pasteur 917, Montellano, CP 28989, Villa de \u00c1lvarez, Colima<\/strong>. Estamos disponibles para recibirte y proporcionarte la asistencia que necesitas (con previa cita).<\/p><p><em>Tu opini\u00f3n es importante para nosotros y queremos brindarte la mejor atenci\u00f3n posible. No dudes en comunicarte en el momento que lo necesites. \u00a1Estamos aqu\u00ed para ti!<\/em><\/p>\t\t\t\t\t\t\t\t<\/div>\n\t\t\t\t<\/div>\n\t\t\t\t\t<\/div>\n\t\t\t\t<\/div>\n\t\t\t\t<\/div>\n\t\t","protected":false},"excerpt":{"rendered":"<p>Cont\u00e1ctanos \u00a1Estamos aqu\u00ed para ti! Cont\u00e1ctanos y perm\u00edtenos brindarte la mejor experiencia de atenci\u00f3n al cliente. Por favor, activa JavaScript en tu navegador para completar este formulario.Por favor, activa JavaScript en tu navegador para completar este formulario.Nombre *Correo *TelefonoD\u00e9janos un mensaje Enviar N\u00famero de tel\u00e9fono: Si tienes alguna pregunta, comentario o consulta, no dudes en llamarnos al 312 241 99 00.\u00a0Nuestro equipo estar\u00e1 encantado de ayudarte en todo lo que necesites. Correo electr\u00f3nico: \u00bfPrefieres escribirnos? Env\u00eda un correo electr\u00f3nico a contacto@menslook.com.mx. Responderemos a tus mensajes en el menor tiempo posible para resolver todas tus inquietudes. Direcci\u00f3n: Si deseas visitarnos o necesitas informaci\u00f3n adicional, puedes encontrarnos en Luis Pasteur 917, Montellano, CP 28989, Villa de \u00c1lvarez, Colima. Estamos disponibles para recibirte y proporcionarte la asistencia que necesitas (con previa cita). Tu opini\u00f3n es importante para nosotros y queremos brindarte la mejor atenci\u00f3n posible. No dudes en comunicarte en el momento que lo necesites. \u00a1Estamos aqu\u00ed para ti!<\/p>\n","protected":false},"author":2,"featured_media":0,"parent":0,"menu_order":0,"comment_status":"closed","ping_status":"closed","template":"","meta":{"site-sidebar-layout":"no-sidebar","site-content-layout":"page-builder","ast-site-content-layout":"default","site-content-style":"default","site-sidebar-style":"default","ast-global-header-display":"","ast-banner-title-visibility":"","ast-main-header-display":"","ast-hfb-above-header-display":"","ast-hfb-below-header-display":"","ast-hfb-mobile-header-display":"","site-post-title":"disabled","ast-breadcrumbs-content":"","ast-featured-img":"disabled","footer-sml-layout":"","ast-disable-related-posts":"","theme-transparent-header-meta":"","adv-header-id-meta":"","stick-header-meta":"","header-above-stick-meta":"","header-main-stick-meta":"","header-below-stick-meta":"","astra-migrate-meta-layouts":"default","ast-page-background-enabled":"default","ast-page-background-meta":{"desktop":{"background-color":"var(--ast-global-color-4)","background-image":"","background-repeat":"repeat","background-position":"center center","background-size":"auto","background-attachment":"scroll","background-type":"","background-media":"","overlay-type":"","overlay-color":"","overlay-opacity":"","overlay-gradient":""},"tablet":{"background-color":"","background-image":"","background-repeat":"repeat","background-position":"center center","background-size":"auto","background-attachment":"scroll","background-type":"","background-media":"","overlay-type":"","overlay-color":"","overlay-opacity":"","overlay-gradient":""},"mobile":{"background-color":"","background-image":"","background-repeat":"repeat","background-position":"center center","background-size":"auto","background-attachment":"scroll","background-type":"","background-media":"","overlay-type":"","overlay-color":"","overlay-opacity":"","overlay-gradient":""}},"ast-content-background-meta":{"desktop":{"background-color":"var(--ast-global-color-5)","background-image":"","background-repeat":"repeat","background-position":"center center","background-size":"auto","background-attachment":"scroll","background-type":"","background-media":"","overlay-type":"","overlay-color":"","overlay-opacity":"","overlay-gradient":""},"tablet":{"background-color":"var(--ast-global-color-5)","background-image":"","background-repeat":"repeat","background-position":"center center","background-size":"auto","background-attachment":"scroll","background-type":"","background-media":"","overlay-type":"","overlay-color":"","overlay-opacity":"","overlay-gradient":""},"mobile":{"background-color":"var(--ast-global-color-5)","background-image":"","background-repeat":"repeat","background-position":"center center","background-size":"auto","background-attachment":"scroll","background-type":"","background-media":"","overlay-type":"","overlay-color":"","overlay-opacity":"","overlay-gradient":""}},"footnotes":""},"class_list":["post-605","page","type-page","status-publish","hentry"],"_links":{"self":[{"href":"https:\/\/menslook.com.mx\/index.php\/wp-json\/wp\/v2\/pages\/605","targetHints":{"allow":["GET"]}}],"collection":[{"href":"https:\/\/menslook.com.mx\/index.php\/wp-json\/wp\/v2\/pages"}],"about":[{"href":"https:\/\/menslook.com.mx\/index.php\/wp-json\/wp\/v2\/types\/page"}],"author":[{"embeddable":true,"href":"https:\/\/menslook.com.mx\/index.php\/wp-json\/wp\/v2\/users\/2"}],"replies":[{"embeddable":true,"href":"https:\/\/menslook.com.mx\/index.php\/wp-json\/wp\/v2\/comments?post=605"}],"version-history":[{"count":22,"href":"https:\/\/menslook.com.mx\/index.php\/wp-json\/wp\/v2\/pages\/605\/revisions"}],"predecessor-version":[{"id":976,"href":"https:\/\/menslook.com.mx\/index.php\/wp-json\/wp\/v2\/pages\/605\/revisions\/976"}],"wp:attachment":[{"href":"https:\/\/menslook.com.mx\/index.php\/wp-json\/wp\/v2\/media?parent=605"}],"curies":[{"name":"wp","href":"https:\/\/api.w.org\/{rel}","templated":true}]}}