{"id":595,"date":"2023-08-28T22:31:14","date_gmt":"2023-08-28T22:31:14","guid":{"rendered":"https:\/\/menslook.com.mx\/?page_id=595"},"modified":"2023-08-31T19:58:06","modified_gmt":"2023-08-31T19:58:06","slug":"politica-de-cambio-y-devoluciones","status":"publish","type":"page","link":"https:\/\/menslook.com.mx\/index.php\/politica-de-cambio-y-devoluciones\/","title":{"rendered":"Pol\u00edtica de cambio y devoluciones"},"content":{"rendered":"\t\t<div data-elementor-type=\"wp-page\" data-elementor-id=\"595\" class=\"elementor elementor-595\" data-elementor-post-type=\"page\">\n\t\t\t\t<div class=\"elementor-element elementor-element-bd5b89c e-flex e-con-boxed wpr-particle-no wpr-jarallax-no wpr-parallax-no wpr-sticky-section-no e-con e-parent\" data-id=\"bd5b89c\" data-element_type=\"container\" data-e-type=\"container\">\n\t\t\t\t\t<div class=\"e-con-inner\">\n\t\t\t\t<div class=\"elementor-element elementor-element-b22c563 elementor-widget elementor-widget-spacer\" data-id=\"b22c563\" data-element_type=\"widget\" data-e-type=\"widget\" data-widget_type=\"spacer.default\">\n\t\t\t\t<div class=\"elementor-widget-container\">\n\t\t\t\t\t\t\t<div class=\"elementor-spacer\">\n\t\t\t<div class=\"elementor-spacer-inner\"><\/div>\n\t\t<\/div>\n\t\t\t\t\t\t<\/div>\n\t\t\t\t<\/div>\n\t\t\t\t<div class=\"elementor-element elementor-element-939ea93 elementor-widget elementor-widget-heading\" data-id=\"939ea93\" data-element_type=\"widget\" data-e-type=\"widget\" data-widget_type=\"heading.default\">\n\t\t\t\t<div class=\"elementor-widget-container\">\n\t\t\t\t\t<h2 class=\"elementor-heading-title elementor-size-default\">Pol\u00edtica de cambios y devoluciones<\/h2>\t\t\t\t<\/div>\n\t\t\t\t<\/div>\n\t\t\t\t<div class=\"elementor-element elementor-element-1894747 elementor-widget elementor-widget-spacer\" data-id=\"1894747\" data-element_type=\"widget\" data-e-type=\"widget\" data-widget_type=\"spacer.default\">\n\t\t\t\t<div class=\"elementor-widget-container\">\n\t\t\t\t\t\t\t<div class=\"elementor-spacer\">\n\t\t\t<div class=\"elementor-spacer-inner\"><\/div>\n\t\t<\/div>\n\t\t\t\t\t\t<\/div>\n\t\t\t\t<\/div>\n\t\t\t\t\t<\/div>\n\t\t\t\t<\/div>\n\t\t<div class=\"elementor-element elementor-element-39253df e-flex e-con-boxed wpr-particle-no wpr-jarallax-no wpr-parallax-no wpr-sticky-section-no e-con e-parent\" data-id=\"39253df\" data-element_type=\"container\" data-e-type=\"container\">\n\t\t\t\t\t<div class=\"e-con-inner\">\n\t\t\t\t<div class=\"elementor-element elementor-element-c3c7864 elementor-widget elementor-widget-text-editor\" data-id=\"c3c7864\" data-element_type=\"widget\" data-e-type=\"widget\" data-widget_type=\"text-editor.default\">\n\t\t\t\t<div class=\"elementor-widget-container\">\n\t\t\t\t\t\t\t\t\t<p>En <strong>Men&#8217;s Look<\/strong>, nos esforzamos por brindarte productos de alta calidad y una experiencia de compra excepcional. Por la naturaleza del producto no se cuentan con devoluciones, cambios o reembolsos a menos que se trate de un defecto de f\u00e1brica.<\/p><p><strong>Cambios y devoluciones por defectos de f\u00e1brica:<\/strong><\/p><p>Si has recibido un producto que presenta defectos de fabricaci\u00f3n, te ofrecemos la opci\u00f3n de cambio. Cumpliendo los siguientes lineamientos:<\/p><ul><li>No deber\u00e1n presentar signos de haber sido usados, probados, lavados, rayados, con manchas o de alguna otra forma de desgaste y maltrato causado por el cliente.<\/li><li>Deber\u00e1n ser devueltos con etiquetas y empaque original.<\/li><li>Las devoluciones s\u00f3lo son elegibles para cr\u00e9ditos de la tienda o cambios con art\u00edculos de un precio similar, no se procesan reembolsos directos.\u00a0<\/li><li>Los cambios deben ser solicitados dentro de los 7 d\u00edas posteriores a la fecha de entrega.<\/li><\/ul><p>En el desafortunado caso de que las prendas no cumplan con los lineamientos de higiene anteriores, estas ser\u00e1n devueltas al cliente con los gastos de env\u00edo cubiertos por el mismo.\u00a0<\/p><p><strong>Proceso de Cambio:<\/strong><\/p><p>Para cambios debido a un defecto de fabricaci\u00f3n, te proporcionaremos instrucciones. Los gastos de env\u00edo para el retorno y el env\u00edo del producto de reemplazo ser\u00e1n cubiertos por Men&#8217;s Look.<\/p><p>Por favor, sigue estos pasos:<\/p><ol><li><strong>Cont\u00e1ctanos: <\/strong>Ponte en contacto con nuestro equipo de atenci\u00f3n al cliente a trav\u00e9s de la secci\u00f3n &#8220;Cont\u00e1ctanos&#8221; en nuestro sitio web.<\/li><li><strong>Detalles del defecto:\u00a0<\/strong>Proporciona detalles claros sobre el defecto del producto y adjunta fotos que muestren el problema.<\/li><li><strong>Evaluaci\u00f3n y aprobaci\u00f3n:\u00a0<\/strong>Nuestro equipo evaluar\u00e1 tu solicitud y te proporcionar\u00e1 instrucciones detalladas sobre c\u00f3mo proceder.<\/li><\/ol><p><strong>\u00a0<\/strong><\/p><p><strong>Reembolsos:<\/strong><\/p><p>En casos excepcionales donde no podamos proporcionar un producto de reemplazo, se procesar\u00e1 un reembolso al m\u00e9todo de pago original.<\/p><p><strong>Excepciones:<\/strong><\/p><p>Esta pol\u00edtica de cambios y devoluciones se aplica exclusivamente a productos que presenten defectos de fabricaci\u00f3n. Para cualquier otro tipo de consulta, te invitamos a ponerte en contacto con nuestro equipo de atenci\u00f3n al cliente.<\/p><p>\u00a0<\/p><p><strong>Contacto:<\/strong><\/p><p>Si tienes preguntas o inquietudes sobre nuestra pol\u00edtica de cambios y devoluciones, no dudes en contactarnos a trav\u00e9s de la secci\u00f3n &#8220;Cont\u00e1ctanos&#8221; en nuestro sitio web.<\/p><p>Fecha de entrada en vigor: 01 de septiembre 2023<\/p><p><strong>Men&#8217;s Look &#8211; Tu satisfacci\u00f3n y confianza son nuestra garant\u00eda.<\/strong><\/p>\t\t\t\t\t\t\t\t<\/div>\n\t\t\t\t<\/div>\n\t\t\t\t<div class=\"elementor-element elementor-element-6932692 elementor-widget elementor-widget-spacer\" data-id=\"6932692\" data-element_type=\"widget\" data-e-type=\"widget\" data-widget_type=\"spacer.default\">\n\t\t\t\t<div class=\"elementor-widget-container\">\n\t\t\t\t\t\t\t<div class=\"elementor-spacer\">\n\t\t\t<div class=\"elementor-spacer-inner\"><\/div>\n\t\t<\/div>\n\t\t\t\t\t\t<\/div>\n\t\t\t\t<\/div>\n\t\t\t\t\t<\/div>\n\t\t\t\t<\/div>\n\t\t\t\t<\/div>\n\t\t","protected":false},"excerpt":{"rendered":"<p>Pol\u00edtica de cambios y devoluciones En Men&#8217;s Look, nos esforzamos por brindarte productos de alta calidad y una experiencia de compra excepcional. Por la naturaleza del producto no se cuentan con devoluciones, cambios o reembolsos a menos que se trate de un defecto de f\u00e1brica. Cambios y devoluciones por defectos de f\u00e1brica: Si has recibido un producto que presenta defectos de fabricaci\u00f3n, te ofrecemos la opci\u00f3n de cambio. Cumpliendo los siguientes lineamientos: No deber\u00e1n presentar signos de haber sido usados, probados, lavados, rayados, con manchas o de alguna otra forma de desgaste y maltrato causado por el cliente. Deber\u00e1n ser devueltos con etiquetas y empaque original. Las devoluciones s\u00f3lo son elegibles para cr\u00e9ditos de la tienda o cambios con art\u00edculos de un precio similar, no se procesan reembolsos directos.\u00a0 Los cambios deben ser solicitados dentro de los 7 d\u00edas posteriores a la fecha de entrega. En el desafortunado caso de que las prendas no cumplan con los lineamientos de higiene anteriores, estas ser\u00e1n devueltas al cliente con los gastos de env\u00edo cubiertos por el mismo.\u00a0 Proceso de Cambio: Para cambios debido a un defecto de fabricaci\u00f3n, te proporcionaremos instrucciones. Los gastos de env\u00edo para el retorno y el env\u00edo del producto de reemplazo ser\u00e1n cubiertos por Men&#8217;s Look. Por favor, sigue estos pasos: Cont\u00e1ctanos: Ponte en contacto con nuestro equipo de atenci\u00f3n al cliente a trav\u00e9s de la secci\u00f3n &#8220;Cont\u00e1ctanos&#8221; en nuestro sitio web. Detalles del defecto:\u00a0Proporciona detalles claros sobre el defecto del producto y adjunta fotos que muestren el problema. Evaluaci\u00f3n y aprobaci\u00f3n:\u00a0Nuestro equipo evaluar\u00e1 tu solicitud y te proporcionar\u00e1 instrucciones detalladas sobre c\u00f3mo proceder. \u00a0 Reembolsos: En casos excepcionales donde no podamos proporcionar un producto de reemplazo, se procesar\u00e1 un reembolso al m\u00e9todo de pago original. Excepciones: Esta pol\u00edtica de cambios y devoluciones se aplica exclusivamente a productos que presenten defectos de fabricaci\u00f3n. Para cualquier otro tipo de consulta, te invitamos a ponerte en contacto con nuestro equipo de atenci\u00f3n al cliente. \u00a0 Contacto: Si tienes preguntas o inquietudes sobre nuestra pol\u00edtica de cambios y devoluciones, no dudes en contactarnos a trav\u00e9s de la secci\u00f3n &#8220;Cont\u00e1ctanos&#8221; en nuestro sitio web. Fecha de entrada en vigor: 01 de septiembre 2023 Men&#8217;s Look &#8211; Tu satisfacci\u00f3n y confianza son nuestra garant\u00eda.<\/p>\n","protected":false},"author":2,"featured_media":0,"parent":0,"menu_order":0,"comment_status":"closed","ping_status":"closed","template":"","meta":{"site-sidebar-layout":"no-sidebar","site-content-layout":"page-builder","ast-site-content-layout":"default","site-content-style":"default","site-sidebar-style":"default","ast-global-header-display":"","ast-banner-title-visibility":"","ast-main-header-display":"","ast-hfb-above-header-display":"","ast-hfb-below-header-display":"","ast-hfb-mobile-header-display":"","site-post-title":"disabled","ast-breadcrumbs-content":"","ast-featured-img":"disabled","footer-sml-layout":"","ast-disable-related-posts":"","theme-transparent-header-meta":"","adv-header-id-meta":"","stick-header-meta":"","header-above-stick-meta":"","header-main-stick-meta":"","header-below-stick-meta":"","astra-migrate-meta-layouts":"default","ast-page-background-enabled":"default","ast-page-background-meta":{"desktop":{"background-color":"var(--ast-global-color-4)","background-image":"","background-repeat":"repeat","background-position":"center center","background-size":"auto","background-attachment":"scroll","background-type":"","background-media":"","overlay-type":"","overlay-color":"","overlay-opacity":"","overlay-gradient":""},"tablet":{"background-color":"","background-image":"","background-repeat":"repeat","background-position":"center center","background-size":"auto","background-attachment":"scroll","background-type":"","background-media":"","overlay-type":"","overlay-color":"","overlay-opacity":"","overlay-gradient":""},"mobile":{"background-color":"","background-image":"","background-repeat":"repeat","background-position":"center center","background-size":"auto","background-attachment":"scroll","background-type":"","background-media":"","overlay-type":"","overlay-color":"","overlay-opacity":"","overlay-gradient":""}},"ast-content-background-meta":{"desktop":{"background-color":"var(--ast-global-color-5)","background-image":"","background-repeat":"repeat","background-position":"center center","background-size":"auto","background-attachment":"scroll","background-type":"","background-media":"","overlay-type":"","overlay-color":"","overlay-opacity":"","overlay-gradient":""},"tablet":{"background-color":"var(--ast-global-color-5)","background-image":"","background-repeat":"repeat","background-position":"center center","background-size":"auto","background-attachment":"scroll","background-type":"","background-media":"","overlay-type":"","overlay-color":"","overlay-opacity":"","overlay-gradient":""},"mobile":{"background-color":"var(--ast-global-color-5)","background-image":"","background-repeat":"repeat","background-position":"center center","background-size":"auto","background-attachment":"scroll","background-type":"","background-media":"","overlay-type":"","overlay-color":"","overlay-opacity":"","overlay-gradient":""}},"footnotes":""},"class_list":["post-595","page","type-page","status-publish","hentry"],"_links":{"self":[{"href":"https:\/\/menslook.com.mx\/index.php\/wp-json\/wp\/v2\/pages\/595","targetHints":{"allow":["GET"]}}],"collection":[{"href":"https:\/\/menslook.com.mx\/index.php\/wp-json\/wp\/v2\/pages"}],"about":[{"href":"https:\/\/menslook.com.mx\/index.php\/wp-json\/wp\/v2\/types\/page"}],"author":[{"embeddable":true,"href":"https:\/\/menslook.com.mx\/index.php\/wp-json\/wp\/v2\/users\/2"}],"replies":[{"embeddable":true,"href":"https:\/\/menslook.com.mx\/index.php\/wp-json\/wp\/v2\/comments?post=595"}],"version-history":[{"count":7,"href":"https:\/\/menslook.com.mx\/index.php\/wp-json\/wp\/v2\/pages\/595\/revisions"}],"predecessor-version":[{"id":827,"href":"https:\/\/menslook.com.mx\/index.php\/wp-json\/wp\/v2\/pages\/595\/revisions\/827"}],"wp:attachment":[{"href":"https:\/\/menslook.com.mx\/index.php\/wp-json\/wp\/v2\/media?parent=595"}],"curies":[{"name":"wp","href":"https:\/\/api.w.org\/{rel}","templated":true}]}}