{"id":590,"date":"2023-08-28T22:28:49","date_gmt":"2023-08-28T22:28:49","guid":{"rendered":"https:\/\/menslook.com.mx\/?page_id=590"},"modified":"2023-08-31T19:54:49","modified_gmt":"2023-08-31T19:54:49","slug":"politica-de-meses-sin-intereses","status":"publish","type":"page","link":"https:\/\/menslook.com.mx\/index.php\/politica-de-meses-sin-intereses\/","title":{"rendered":"Pol\u00edtica de meses sin intereses"},"content":{"rendered":"\t\t<div data-elementor-type=\"wp-page\" data-elementor-id=\"590\" class=\"elementor elementor-590\" data-elementor-post-type=\"page\">\n\t\t\t\t<div class=\"elementor-element elementor-element-301d7f0 e-flex e-con-boxed wpr-particle-no wpr-jarallax-no wpr-parallax-no wpr-sticky-section-no e-con e-parent\" data-id=\"301d7f0\" data-element_type=\"container\" data-e-type=\"container\">\n\t\t\t\t\t<div class=\"e-con-inner\">\n\t\t\t\t<div class=\"elementor-element elementor-element-55f8d6b elementor-widget elementor-widget-spacer\" data-id=\"55f8d6b\" data-element_type=\"widget\" data-e-type=\"widget\" data-widget_type=\"spacer.default\">\n\t\t\t\t<div class=\"elementor-widget-container\">\n\t\t\t\t\t\t\t<div class=\"elementor-spacer\">\n\t\t\t<div class=\"elementor-spacer-inner\"><\/div>\n\t\t<\/div>\n\t\t\t\t\t\t<\/div>\n\t\t\t\t<\/div>\n\t\t\t\t<div class=\"elementor-element elementor-element-3883f8b elementor-widget elementor-widget-heading\" data-id=\"3883f8b\" data-element_type=\"widget\" data-e-type=\"widget\" data-widget_type=\"heading.default\">\n\t\t\t\t<div class=\"elementor-widget-container\">\n\t\t\t\t\t<h2 class=\"elementor-heading-title elementor-size-default\">Pol\u00edticas de meses sin intereses<\/h2>\t\t\t\t<\/div>\n\t\t\t\t<\/div>\n\t\t\t\t<div class=\"elementor-element elementor-element-ad3c138 elementor-widget elementor-widget-spacer\" data-id=\"ad3c138\" data-element_type=\"widget\" data-e-type=\"widget\" data-widget_type=\"spacer.default\">\n\t\t\t\t<div class=\"elementor-widget-container\">\n\t\t\t\t\t\t\t<div class=\"elementor-spacer\">\n\t\t\t<div class=\"elementor-spacer-inner\"><\/div>\n\t\t<\/div>\n\t\t\t\t\t\t<\/div>\n\t\t\t\t<\/div>\n\t\t\t\t\t<\/div>\n\t\t\t\t<\/div>\n\t\t<div class=\"elementor-element elementor-element-5993321 e-flex e-con-boxed wpr-particle-no wpr-jarallax-no wpr-parallax-no wpr-sticky-section-no e-con e-parent\" data-id=\"5993321\" data-element_type=\"container\" data-e-type=\"container\">\n\t\t\t\t\t<div class=\"e-con-inner\">\n\t\t\t\t<div class=\"elementor-element elementor-element-6850099 elementor-widget elementor-widget-text-editor\" data-id=\"6850099\" data-element_type=\"widget\" data-e-type=\"widget\" data-widget_type=\"text-editor.default\">\n\t\t\t\t<div class=\"elementor-widget-container\">\n\t\t\t\t\t\t\t\t\t<p>\u00a1Comprar es a\u00fan m\u00e1s f\u00e1cil con nuestra opci\u00f3n de 3 meses sin intereses!<\/p><p>En <strong>Men\u2019s Look<\/strong>, sabemos que la comodidad y flexibilidad son importantes al realizar compras. Es por eso que te ofrecemos la posibilidad de adquirir tus productos favoritos con un plan de financiamiento de 3 meses sin intereses, \u00a1y solo necesitas una compra m\u00ednima de $800 MXN!<\/p><p><strong>\u00bfC\u00f3mo funciona?<\/strong><\/p><ol><li><strong>Selecciona tus productos:\u00a0<\/strong>Explora nuestra amplia gama de productos y elige los que m\u00e1s te gusten.<\/li><li><strong>Llena tu carrito:\u00a0<\/strong>Agrega los productos que deseas a tu carrito de compras hasta alcanzar un total de $800 MXN o m\u00e1s.<\/li><li><strong>Selecciona la opci\u00f3n de pago:\u00a0<\/strong>Al realizar tu pago, selecciona la opci\u00f3n de &#8220;3 meses sin intereses&#8221;.<\/li><li><strong>\u00a1Listo!\u00a0<\/strong>Tu compra se dividir\u00e1 en tres pagos mensuales sin intereses adicionales. Disfruta de tus productos desde el primer momento.<\/li><\/ol><p>Esta opci\u00f3n es ideal para adquirir ese art\u00edculo que tanto deseas sin afectar tu presupuesto mensual. \u00a1Hacer compras nunca ha sido tan conveniente!<\/p><p><strong><u>Recuerda que esta opci\u00f3n est\u00e1 sujeta a t\u00e9rminos y condiciones.<\/u><\/strong>\u00a0Si tienes alguna pregunta o necesitas m\u00e1s informaci\u00f3n, no dudes en contactarnos a trav\u00e9s de nuestra secci\u00f3n de <strong>&#8220;Cont\u00e1ctanos&#8221;<\/strong>.<\/p><p>Aprovecha la oportunidad de comprar con mayor flexibilidad y \u00a1haz tus compras de manera inteligente!<\/p>\t\t\t\t\t\t\t\t<\/div>\n\t\t\t\t<\/div>\n\t\t\t\t<div class=\"elementor-element elementor-element-0b585e7 elementor-widget elementor-widget-spacer\" data-id=\"0b585e7\" data-element_type=\"widget\" data-e-type=\"widget\" data-widget_type=\"spacer.default\">\n\t\t\t\t<div class=\"elementor-widget-container\">\n\t\t\t\t\t\t\t<div class=\"elementor-spacer\">\n\t\t\t<div class=\"elementor-spacer-inner\"><\/div>\n\t\t<\/div>\n\t\t\t\t\t\t<\/div>\n\t\t\t\t<\/div>\n\t\t\t\t\t<\/div>\n\t\t\t\t<\/div>\n\t\t\t\t<\/div>\n\t\t","protected":false},"excerpt":{"rendered":"<p>Pol\u00edticas de meses sin intereses \u00a1Comprar es a\u00fan m\u00e1s f\u00e1cil con nuestra opci\u00f3n de 3 meses sin intereses! En Men\u2019s Look, sabemos que la comodidad y flexibilidad son importantes al realizar compras. Es por eso que te ofrecemos la posibilidad de adquirir tus productos favoritos con un plan de financiamiento de 3 meses sin intereses, \u00a1y solo necesitas una compra m\u00ednima de $800 MXN! \u00bfC\u00f3mo funciona? Selecciona tus productos:\u00a0Explora nuestra amplia gama de productos y elige los que m\u00e1s te gusten. Llena tu carrito:\u00a0Agrega los productos que deseas a tu carrito de compras hasta alcanzar un total de $800 MXN o m\u00e1s. Selecciona la opci\u00f3n de pago:\u00a0Al realizar tu pago, selecciona la opci\u00f3n de &#8220;3 meses sin intereses&#8221;. \u00a1Listo!\u00a0Tu compra se dividir\u00e1 en tres pagos mensuales sin intereses adicionales. Disfruta de tus productos desde el primer momento. Esta opci\u00f3n es ideal para adquirir ese art\u00edculo que tanto deseas sin afectar tu presupuesto mensual. \u00a1Hacer compras nunca ha sido tan conveniente! Recuerda que esta opci\u00f3n est\u00e1 sujeta a t\u00e9rminos y condiciones.\u00a0Si tienes alguna pregunta o necesitas m\u00e1s informaci\u00f3n, no dudes en contactarnos a trav\u00e9s de nuestra secci\u00f3n de &#8220;Cont\u00e1ctanos&#8221;. Aprovecha la oportunidad de comprar con mayor flexibilidad y \u00a1haz tus compras de manera inteligente!<\/p>\n","protected":false},"author":2,"featured_media":0,"parent":0,"menu_order":0,"comment_status":"closed","ping_status":"closed","template":"","meta":{"site-sidebar-layout":"no-sidebar","site-content-layout":"page-builder","ast-site-content-layout":"default","site-content-style":"default","site-sidebar-style":"default","ast-global-header-display":"","ast-banner-title-visibility":"","ast-main-header-display":"","ast-hfb-above-header-display":"","ast-hfb-below-header-display":"","ast-hfb-mobile-header-display":"","site-post-title":"disabled","ast-breadcrumbs-content":"","ast-featured-img":"disabled","footer-sml-layout":"","ast-disable-related-posts":"","theme-transparent-header-meta":"","adv-header-id-meta":"","stick-header-meta":"","header-above-stick-meta":"","header-main-stick-meta":"","header-below-stick-meta":"","astra-migrate-meta-layouts":"default","ast-page-background-enabled":"default","ast-page-background-meta":{"desktop":{"background-color":"var(--ast-global-color-4)","background-image":"","background-repeat":"repeat","background-position":"center center","background-size":"auto","background-attachment":"scroll","background-type":"","background-media":"","overlay-type":"","overlay-color":"","overlay-opacity":"","overlay-gradient":""},"tablet":{"background-color":"","background-image":"","background-repeat":"repeat","background-position":"center center","background-size":"auto","background-attachment":"scroll","background-type":"","background-media":"","overlay-type":"","overlay-color":"","overlay-opacity":"","overlay-gradient":""},"mobile":{"background-color":"","background-image":"","background-repeat":"repeat","background-position":"center center","background-size":"auto","background-attachment":"scroll","background-type":"","background-media":"","overlay-type":"","overlay-color":"","overlay-opacity":"","overlay-gradient":""}},"ast-content-background-meta":{"desktop":{"background-color":"var(--ast-global-color-5)","background-image":"","background-repeat":"repeat","background-position":"center center","background-size":"auto","background-attachment":"scroll","background-type":"","background-media":"","overlay-type":"","overlay-color":"","overlay-opacity":"","overlay-gradient":""},"tablet":{"background-color":"var(--ast-global-color-5)","background-image":"","background-repeat":"repeat","background-position":"center center","background-size":"auto","background-attachment":"scroll","background-type":"","background-media":"","overlay-type":"","overlay-color":"","overlay-opacity":"","overlay-gradient":""},"mobile":{"background-color":"var(--ast-global-color-5)","background-image":"","background-repeat":"repeat","background-position":"center center","background-size":"auto","background-attachment":"scroll","background-type":"","background-media":"","overlay-type":"","overlay-color":"","overlay-opacity":"","overlay-gradient":""}},"footnotes":""},"class_list":["post-590","page","type-page","status-publish","hentry"],"_links":{"self":[{"href":"https:\/\/menslook.com.mx\/index.php\/wp-json\/wp\/v2\/pages\/590","targetHints":{"allow":["GET"]}}],"collection":[{"href":"https:\/\/menslook.com.mx\/index.php\/wp-json\/wp\/v2\/pages"}],"about":[{"href":"https:\/\/menslook.com.mx\/index.php\/wp-json\/wp\/v2\/types\/page"}],"author":[{"embeddable":true,"href":"https:\/\/menslook.com.mx\/index.php\/wp-json\/wp\/v2\/users\/2"}],"replies":[{"embeddable":true,"href":"https:\/\/menslook.com.mx\/index.php\/wp-json\/wp\/v2\/comments?post=590"}],"version-history":[{"count":10,"href":"https:\/\/menslook.com.mx\/index.php\/wp-json\/wp\/v2\/pages\/590\/revisions"}],"predecessor-version":[{"id":821,"href":"https:\/\/menslook.com.mx\/index.php\/wp-json\/wp\/v2\/pages\/590\/revisions\/821"}],"wp:attachment":[{"href":"https:\/\/menslook.com.mx\/index.php\/wp-json\/wp\/v2\/media?parent=590"}],"curies":[{"name":"wp","href":"https:\/\/api.w.org\/{rel}","templated":true}]}}