{"id":38,"date":"2023-08-11T22:40:14","date_gmt":"2023-08-11T22:40:14","guid":{"rendered":"https:\/\/menslook.com.mx\/?page_id=38"},"modified":"2023-08-31T19:56:38","modified_gmt":"2023-08-31T19:56:38","slug":"aviso-de-privacidad","status":"publish","type":"page","link":"https:\/\/menslook.com.mx\/index.php\/aviso-de-privacidad\/","title":{"rendered":"Aviso de Privacidad"},"content":{"rendered":"\t\t<div data-elementor-type=\"wp-page\" data-elementor-id=\"38\" class=\"elementor elementor-38\" data-elementor-post-type=\"page\">\n\t\t\t\t<div class=\"elementor-element elementor-element-0c1e4de e-flex e-con-boxed wpr-particle-no wpr-jarallax-no wpr-parallax-no wpr-sticky-section-no e-con e-parent\" data-id=\"0c1e4de\" data-element_type=\"container\" data-e-type=\"container\">\n\t\t\t\t\t<div class=\"e-con-inner\">\n\t\t\t\t<div class=\"elementor-element elementor-element-28395a8 elementor-widget elementor-widget-spacer\" data-id=\"28395a8\" data-element_type=\"widget\" data-e-type=\"widget\" data-widget_type=\"spacer.default\">\n\t\t\t\t<div class=\"elementor-widget-container\">\n\t\t\t\t\t\t\t<div class=\"elementor-spacer\">\n\t\t\t<div class=\"elementor-spacer-inner\"><\/div>\n\t\t<\/div>\n\t\t\t\t\t\t<\/div>\n\t\t\t\t<\/div>\n\t\t\t\t<div class=\"elementor-element elementor-element-4a6986d elementor-widget elementor-widget-heading\" data-id=\"4a6986d\" data-element_type=\"widget\" data-e-type=\"widget\" data-widget_type=\"heading.default\">\n\t\t\t\t<div class=\"elementor-widget-container\">\n\t\t\t\t\t<h2 class=\"elementor-heading-title elementor-size-default\">Avisa de Privacidad<\/h2>\t\t\t\t<\/div>\n\t\t\t\t<\/div>\n\t\t\t\t<div class=\"elementor-element elementor-element-980a49f elementor-widget elementor-widget-spacer\" data-id=\"980a49f\" data-element_type=\"widget\" data-e-type=\"widget\" data-widget_type=\"spacer.default\">\n\t\t\t\t<div class=\"elementor-widget-container\">\n\t\t\t\t\t\t\t<div class=\"elementor-spacer\">\n\t\t\t<div class=\"elementor-spacer-inner\"><\/div>\n\t\t<\/div>\n\t\t\t\t\t\t<\/div>\n\t\t\t\t<\/div>\n\t\t\t\t\t<\/div>\n\t\t\t\t<\/div>\n\t\t<div class=\"elementor-element elementor-element-425a26a e-flex e-con-boxed wpr-particle-no wpr-jarallax-no wpr-parallax-no wpr-sticky-section-no e-con e-parent\" data-id=\"425a26a\" data-element_type=\"container\" data-e-type=\"container\">\n\t\t\t\t\t<div class=\"e-con-inner\">\n\t\t\t\t<div class=\"elementor-element elementor-element-1b67dd7 elementor-widget elementor-widget-text-editor\" data-id=\"1b67dd7\" data-element_type=\"widget\" data-e-type=\"widget\" data-widget_type=\"text-editor.default\">\n\t\t\t\t<div class=\"elementor-widget-container\">\n\t\t\t\t\t\t\t\t\t<p>De acuerdo en lo dispuesto por la Ley Federal de Protecci\u00f3n de Datos Personales, se emite el presente Aviso de Privacidad en los siguientes t\u00e9rminos.<\/p>\n<p>Para efectos del presente Aviso de Privacidad Menslook.com.mx, con domicilio ubicado en Luis Pasteur, 917 Col. Montellano, Villa de \u00c1lvarez, Colima. CP.28989, es el Responsable de la obtenci\u00f3n, divulgaci\u00f3n, almacenamiento, uso, manejo, aprovechamiento, y\/o disposici\u00f3n de los datos personales que recabe de sus clientes.<\/p>\n<p><\/p>\n<p>En <strong>Men&#8217;s Look<\/strong>, estamos comprometidos con la privacidad y seguridad de tus datos personales. Este Aviso de Privacidad tiene como objetivo informarte sobre c\u00f3mo recopilamos, usamos, compartimos y protegemos la informaci\u00f3n que nos proporcionas cuando visitas nuestro sitio web y realizas compras en l\u00ednea.<\/p>\n<ol>\n<li><strong>Datos recopilados:&nbsp;<\/strong>Recopilamos informaci\u00f3n personal como nombre, direcci\u00f3n, correo electr\u00f3nico y n\u00famero de tel\u00e9fono cuando te registras en nuestro sitio web <a href=\"http:\/\/www.menslook.com.mx\"><u>www.menslook.com.mx<\/u><\/a>&nbsp;, realizas una compra o interact\u00faas con nuestros servicios en l\u00ednea.<\/li>\n<li><strong> Uso de datos:&nbsp;<\/strong>Utilizamos tus datos personales para procesar tus pedidos, brindarte informaci\u00f3n sobre promociones y novedades, mejorar nuestros servicios y proporcionarte una experiencia de compra personalizada.<\/li>\n<li><strong> Compartir datos:&nbsp;<\/strong>Compartimos informaci\u00f3n con terceros que prestan servicios como env\u00edo, procesamiento de pagos y atenci\u00f3n al cliente, garantizando la confidencialidad de tus datos.<\/li>\n<li><strong> Seguridad de datos: <\/strong>Hemos implementado medidas de seguridad para proteger tus datos de acceso no autorizado, p\u00e9rdida o alteraci\u00f3n.<\/li>\n<li><strong> Tus derechos: <\/strong>Tienes derecho a acceder, rectificar, cancelar u oponerte al uso de tus datos personales. Puedes ejercer estos derechos enviando una solicitud a nuestro equipo de atenci\u00f3n al cliente a trav\u00e9s de nuestra secci\u00f3n de <strong>&#8220;Cont\u00e1ctanos<\/strong>.<\/li>\n<li><strong> Uso de Cookies<\/strong><strong>: <\/strong>Le informamos que en nuestra p\u00e1gina de Internet utilizamos cookies.&nbsp;Men\u2019s Look&nbsp;tienen como inter\u00e9s fundamental, garantizar la privacidad e integridad de los datos personales del p\u00fablico en general que tengan relaci\u00f3n con nosotros a trav\u00e9s o por medio del sitio web con el nombre de dominio&nbsp;<a href=\"http:\/\/www.menslook.com.mx\"><u>www.menslook.com.mx<\/u><\/a><\/li>\n<\/ol>\n<p>La finalidad del tratamiento de los datos personales que se obtienen en las Cookies:<\/p>\n<ul>\n<li>Conocer el flujo de tr\u00e1fico y patrones de movimiento en conexi\u00f3n con el servicio que ofrecemos.<\/li>\n<li>Conocer el n\u00famero de visitantes que acceden a nuestro Sitio Web<\/li>\n<li>Conocer los &nbsp;tipos de navegador de internet (Internet Explorer, Google Chrome, Mozilla Firefox, Safari, etc.) usados por los Usuarios.<\/li>\n<li>Conocer los tipos de sistemas operativos (Windows o ) usados por los Usuarios.<\/li>\n<li>Seguir el rendimiento de nuestros servicios con la finalidad de mejorarlos continuamente.<\/li>\n<li>Personalizar, facilitar y mejorar su experiencia en la navegaci\u00f3n del Sitio Web.<\/li>\n<li>Reconocer a un Usuario cuando navega en el Sitio Web.<\/li>\n<li>Permitir que el Usuario tenga una interacci\u00f3n en el Sitio Web m\u00e1s segura y m\u00e1s r\u00e1pida.<\/li>\n<li>Permitir que el Usuario tenga una experiencia m\u00e1s personalizada.<\/li>\n<li>Entender mejor la conducta de los clientes.<\/li>\n<li>Facilitan y miden la efectividad de los anuncios publicitarios y las b\u00fasquedas en Internet.<\/li>\n<\/ul>\n<p>Si usted contin\u00faa&nbsp;su navegaci\u00f3n una vez informado sobre la Pol\u00edtica de Cookies, entenderemos que acepta la utilizaci\u00f3n de las cookies por &nbsp;parte de la web <a href=\"http:\/\/www.menslook.com.mx\"><u>www.menslook.com.mx<\/u><\/a>&nbsp;. Sin embargo, si usted quiere, puede cambiar la &nbsp;configuraci\u00f3n de cookies en cualquier momento, configurando su navegador para aceptar, o no, las cookies que recibe o para que el navegador le avise cuando un servidor quiera guardar una cookie utilizamos cookies &nbsp;para recabar datos personales.<\/p>\n<p><\/p>\n<ol start=\"7\">\n<li><strong> Cambios en el Aviso de Privacidad:<\/strong>Este Aviso de Privacidad puede ser modificado en el futuro. Te recomendamos revisarlo peri\u00f3dicamente para estar informado sobre c\u00f3mo manejamos tus datos.<\/li>\n<li><strong> Contacto: <\/strong>Si tienes preguntas o inquietudes sobre el manejo de tus datos personales, puedes ponerte en contacto con nuestro equipo de atenci\u00f3n al cliente a trav\u00e9s de la secci\u00f3n <strong>&#8220;Cont\u00e1ctanos&#8221;<\/strong>en nuestro sitio web.<\/li>\n<\/ol>\n<p>En <strong>Men&#8217;s Look<\/strong>, valoramos tu confianza y nos esforzamos por garantizar la seguridad y privacidad de tus datos personales en l\u00ednea.<\/p>\n<p>Fecha de entrada en vigor: 15 de Junio 2023<\/p>\n<p><strong>Men&#8217;s Look &#8211; Tu confianza es nuestra prioridad.<\/strong><\/p>\t\t\t\t\t\t\t\t<\/div>\n\t\t\t\t<\/div>\n\t\t\t\t<div class=\"elementor-element elementor-element-eca2476 elementor-widget elementor-widget-spacer\" data-id=\"eca2476\" data-element_type=\"widget\" data-e-type=\"widget\" data-widget_type=\"spacer.default\">\n\t\t\t\t<div class=\"elementor-widget-container\">\n\t\t\t\t\t\t\t<div class=\"elementor-spacer\">\n\t\t\t<div class=\"elementor-spacer-inner\"><\/div>\n\t\t<\/div>\n\t\t\t\t\t\t<\/div>\n\t\t\t\t<\/div>\n\t\t\t\t\t<\/div>\n\t\t\t\t<\/div>\n\t\t\t\t<\/div>\n\t\t","protected":false},"excerpt":{"rendered":"<p>Avisa de Privacidad De acuerdo en lo dispuesto por la Ley Federal de Protecci\u00f3n de Datos Personales, se emite el presente Aviso de Privacidad en los siguientes t\u00e9rminos. Para efectos del presente Aviso de Privacidad Menslook.com.mx, con domicilio ubicado en Luis Pasteur, 917 Col. Montellano, Villa de \u00c1lvarez, Colima. CP.28989, es el Responsable de la obtenci\u00f3n, divulgaci\u00f3n, almacenamiento, uso, manejo, aprovechamiento, y\/o disposici\u00f3n de los datos personales que recabe de sus clientes. En Men&#8217;s Look, estamos comprometidos con la privacidad y seguridad de tus datos personales. Este Aviso de Privacidad tiene como objetivo informarte sobre c\u00f3mo recopilamos, usamos, compartimos y protegemos la informaci\u00f3n que nos proporcionas cuando visitas nuestro sitio web y realizas compras en l\u00ednea. Datos recopilados:&nbsp;Recopilamos informaci\u00f3n personal como nombre, direcci\u00f3n, correo electr\u00f3nico y n\u00famero de tel\u00e9fono cuando te registras en nuestro sitio web www.menslook.com.mx&nbsp;, realizas una compra o interact\u00faas con nuestros servicios en l\u00ednea. Uso de datos:&nbsp;Utilizamos tus datos personales para procesar tus pedidos, brindarte informaci\u00f3n sobre promociones y novedades, mejorar nuestros servicios y proporcionarte una experiencia de compra personalizada. Compartir datos:&nbsp;Compartimos informaci\u00f3n con terceros que prestan servicios como env\u00edo, procesamiento de pagos y atenci\u00f3n al cliente, garantizando la confidencialidad de tus datos. Seguridad de datos: Hemos implementado medidas de seguridad para proteger tus datos de acceso no autorizado, p\u00e9rdida o alteraci\u00f3n. Tus derechos: Tienes derecho a acceder, rectificar, cancelar u oponerte al uso de tus datos personales. Puedes ejercer estos derechos enviando una solicitud a nuestro equipo de atenci\u00f3n al cliente a trav\u00e9s de nuestra secci\u00f3n de &#8220;Cont\u00e1ctanos. Uso de Cookies: Le informamos que en nuestra p\u00e1gina de Internet utilizamos cookies.&nbsp;Men\u2019s Look&nbsp;tienen como inter\u00e9s fundamental, garantizar la privacidad e integridad de los datos personales del p\u00fablico en general que tengan relaci\u00f3n con nosotros a trav\u00e9s o por medio del sitio web con el nombre de dominio&nbsp;www.menslook.com.mx La finalidad del tratamiento de los datos personales que se obtienen en las Cookies: Conocer el flujo de tr\u00e1fico y patrones de movimiento en conexi\u00f3n con el servicio que ofrecemos. Conocer el n\u00famero de visitantes que acceden a nuestro Sitio Web Conocer los &nbsp;tipos de navegador de internet (Internet Explorer, Google Chrome, Mozilla Firefox, Safari, etc.) usados por los Usuarios. Conocer los tipos de sistemas operativos (Windows o ) usados por los Usuarios. Seguir el rendimiento de nuestros servicios con la finalidad de mejorarlos continuamente. Personalizar, facilitar y mejorar su experiencia en la navegaci\u00f3n del Sitio Web. Reconocer a un Usuario cuando navega en el Sitio Web. Permitir que el Usuario tenga una interacci\u00f3n en el Sitio Web m\u00e1s segura y m\u00e1s r\u00e1pida. Permitir que el Usuario tenga una experiencia m\u00e1s personalizada. Entender mejor la conducta de los clientes. Facilitan y miden la efectividad de los anuncios publicitarios y las b\u00fasquedas en Internet. Si usted contin\u00faa&nbsp;su navegaci\u00f3n una vez informado sobre la Pol\u00edtica de Cookies, entenderemos que acepta la utilizaci\u00f3n de las cookies por &nbsp;parte de la web www.menslook.com.mx&nbsp;. Sin embargo, si usted quiere, puede cambiar la &nbsp;configuraci\u00f3n de cookies en cualquier momento, configurando su navegador para aceptar, o no, las cookies que recibe o para que el navegador le avise cuando un servidor quiera guardar una cookie utilizamos cookies &nbsp;para recabar datos personales. Cambios en el Aviso de Privacidad:Este Aviso de Privacidad puede ser modificado en el futuro. Te recomendamos revisarlo peri\u00f3dicamente para estar informado sobre c\u00f3mo manejamos tus datos. Contacto: Si tienes preguntas o inquietudes sobre el manejo de tus datos personales, puedes ponerte en contacto con nuestro equipo de atenci\u00f3n al cliente a trav\u00e9s de la secci\u00f3n &#8220;Cont\u00e1ctanos&#8221;en nuestro sitio web. En Men&#8217;s Look, valoramos tu confianza y nos esforzamos por garantizar la seguridad y privacidad de tus datos personales en l\u00ednea. Fecha de entrada en vigor: 15 de Junio 2023 Men&#8217;s Look &#8211; Tu confianza es nuestra prioridad.<\/p>\n","protected":false},"author":2,"featured_media":0,"parent":0,"menu_order":0,"comment_status":"closed","ping_status":"closed","template":"","meta":{"site-sidebar-layout":"no-sidebar","site-content-layout":"page-builder","ast-site-content-layout":"default","site-content-style":"default","site-sidebar-style":"default","ast-global-header-display":"","ast-banner-title-visibility":"","ast-main-header-display":"","ast-hfb-above-header-display":"","ast-hfb-below-header-display":"","ast-hfb-mobile-header-display":"","site-post-title":"disabled","ast-breadcrumbs-content":"","ast-featured-img":"disabled","footer-sml-layout":"","ast-disable-related-posts":"","theme-transparent-header-meta":"","adv-header-id-meta":"","stick-header-meta":"","header-above-stick-meta":"","header-main-stick-meta":"","header-below-stick-meta":"","astra-migrate-meta-layouts":"default","ast-page-background-enabled":"default","ast-page-background-meta":{"desktop":{"background-color":"var(--ast-global-color-4)","background-image":"","background-repeat":"repeat","background-position":"center center","background-size":"auto","background-attachment":"scroll","background-type":"","background-media":"","overlay-type":"","overlay-color":"","overlay-opacity":"","overlay-gradient":""},"tablet":{"background-color":"","background-image":"","background-repeat":"repeat","background-position":"center center","background-size":"auto","background-attachment":"scroll","background-type":"","background-media":"","overlay-type":"","overlay-color":"","overlay-opacity":"","overlay-gradient":""},"mobile":{"background-color":"","background-image":"","background-repeat":"repeat","background-position":"center center","background-size":"auto","background-attachment":"scroll","background-type":"","background-media":"","overlay-type":"","overlay-color":"","overlay-opacity":"","overlay-gradient":""}},"ast-content-background-meta":{"desktop":{"background-color":"var(--ast-global-color-5)","background-image":"","background-repeat":"repeat","background-position":"center center","background-size":"auto","background-attachment":"scroll","background-type":"","background-media":"","overlay-type":"","overlay-color":"","overlay-opacity":"","overlay-gradient":""},"tablet":{"background-color":"var(--ast-global-color-5)","background-image":"","background-repeat":"repeat","background-position":"center center","background-size":"auto","background-attachment":"scroll","background-type":"","background-media":"","overlay-type":"","overlay-color":"","overlay-opacity":"","overlay-gradient":""},"mobile":{"background-color":"var(--ast-global-color-5)","background-image":"","background-repeat":"repeat","background-position":"center center","background-size":"auto","background-attachment":"scroll","background-type":"","background-media":"","overlay-type":"","overlay-color":"","overlay-opacity":"","overlay-gradient":""}},"footnotes":""},"class_list":["post-38","page","type-page","status-publish","hentry"],"_links":{"self":[{"href":"https:\/\/menslook.com.mx\/index.php\/wp-json\/wp\/v2\/pages\/38","targetHints":{"allow":["GET"]}}],"collection":[{"href":"https:\/\/menslook.com.mx\/index.php\/wp-json\/wp\/v2\/pages"}],"about":[{"href":"https:\/\/menslook.com.mx\/index.php\/wp-json\/wp\/v2\/types\/page"}],"author":[{"embeddable":true,"href":"https:\/\/menslook.com.mx\/index.php\/wp-json\/wp\/v2\/users\/2"}],"replies":[{"embeddable":true,"href":"https:\/\/menslook.com.mx\/index.php\/wp-json\/wp\/v2\/comments?post=38"}],"version-history":[{"count":7,"href":"https:\/\/menslook.com.mx\/index.php\/wp-json\/wp\/v2\/pages\/38\/revisions"}],"predecessor-version":[{"id":824,"href":"https:\/\/menslook.com.mx\/index.php\/wp-json\/wp\/v2\/pages\/38\/revisions\/824"}],"wp:attachment":[{"href":"https:\/\/menslook.com.mx\/index.php\/wp-json\/wp\/v2\/media?parent=38"}],"curies":[{"name":"wp","href":"https:\/\/api.w.org\/{rel}","templated":true}]}}